{"id":4003,"date":"2023-11-28T15:09:27","date_gmt":"2023-11-28T14:09:27","guid":{"rendered":"https:\/\/www.hotel-renaissance.fr\/?page_id=4003"},"modified":"2024-08-05T12:08:03","modified_gmt":"2024-08-05T10:08:03","slug":"accessibilite","status":"publish","type":"page","link":"https:\/\/www.hotel-renaissance.fr\/de\/accessibilite\/","title":{"rendered":"Zug\u00e4nglichkeit"},"content":{"rendered":"<div data-elementor-type=\"wp-page\" data-elementor-id=\"4003\" class=\"elementor elementor-4003\" data-elementor-post-type=\"page\">\n\t\t\t\t<div class=\"elementor-element elementor-element-385a908 e-con-full e-flex e-con e-parent\" data-id=\"385a908\" data-element_type=\"container\" data-e-type=\"container\" data-settings=\"{&quot;background_background&quot;:&quot;classic&quot;}\">\n\t\t<div class=\"elementor-element elementor-element-be6dd72 e-con-full e-flex e-con e-child\" data-id=\"be6dd72\" data-element_type=\"container\" data-e-type=\"container\">\n\t\t\t\t<div class=\"elementor-element elementor-element-5c7bc1b elementor-view-default elementor-position-top elementor-widget elementor-widget-themo-header\" data-id=\"5c7bc1b\" data-element_type=\"widget\" data-e-type=\"widget\" data-widget_type=\"themo-header.default\">\n\t\t\t\t<div class=\"elementor-widget-container\">\n\t\t\t\t\t\t\t<div class=\"th-header-wrap\">\n        <div class=\"elementor-icon-box-wrapper\">\n                            <div class=\"elementor-icon-box-content\">\n                    <h1 class=\"elementor-icon-box-title\">\n                        Zug\u00e4nglichkeit                    <\/h1>\n                                            <span class=\"th-header-divider\"><\/span>\n                                        <p class=\"elementor-icon-box-description\">Barrierefreiheit ist f\u00fcr das Hotelteam ein wichtiges Anliegen. Trotz der Einschr\u00e4nkungen durch die Geb\u00e4udestruktur bieten wir verschiedene Dienstleistungen an, die unseren G\u00e4sten, die von einer Behinderung betroffen sind, den Aufenthalt erleichtern.<\/p>\n\n                                    <\/div>\n            <\/div>\n\n        <\/div>\n\n\t\t\t\t\t\t<\/div>\n\t\t\t\t<\/div>\n\t\t\t\t<\/div>\n\t\t\t\t<\/div>\n\t\t<div class=\"elementor-element elementor-element-6a5382a5 e-flex e-con-boxed e-con e-parent\" data-id=\"6a5382a5\" data-element_type=\"container\" data-e-type=\"container\">\n\t\t\t\t\t<div class=\"e-con-inner\">\n\t\t\t\t<div class=\"elementor-element elementor-element-4b0619c8 elementor-view-default elementor-position-top elementor-widget elementor-widget-themo-header\" data-id=\"4b0619c8\" data-element_type=\"widget\" data-e-type=\"widget\" data-widget_type=\"themo-header.default\">\n\t\t\t\t<div class=\"elementor-widget-container\">\n\t\t\t\t\t\t\t<div class=\"th-header-wrap\">\n        <div class=\"elementor-icon-box-wrapper\">\n                            <div class=\"elementor-icon-box-content\">\n                    <h2 class=\"elementor-icon-box-title\">\n                        Zug\u00e4nglichkeit                    <\/h2>\n                                            <span class=\"th-header-divider\"><\/span>\n                                        <p class=\"elementor-icon-box-description\"><\/p>\n\n                                    <\/div>\n            <\/div>\n\n        <\/div>\n\n\t\t\t\t\t\t<\/div>\n\t\t\t\t<\/div>\n\t\t\t\t<div class=\"elementor-element elementor-element-aa56bf6 elementor-widget elementor-widget-text-editor\" data-id=\"aa56bf6\" data-element_type=\"widget\" data-e-type=\"widget\" data-widget_type=\"text-editor.default\">\n\t\t\t\t<div class=\"elementor-widget-container\">\n\t\t\t\t\t\t\t\t\t<p>Unser Hotel ist ein Geb\u00e4ude aus dem 17. Jahrhundert, dessen Struktur einen Aufzug nicht zul\u00e4sst.<\/p>\n<p>Alle unsere Zimmer befinden sich im Obergeschoss und erfordern den Gebrauch einer Treppe, was den Zugang f\u00fcr Personen mit Rollstuhl leider unm\u00f6glich macht.<\/p>\n<p>Um unseren G\u00e4sten die Ankunft zu erleichtern, nehmen wir das Gep\u00e4ck an der Rezeption entgegen. Au\u00dferdem k\u00f6nnen wir Ihnen bei Bedarf einen Gep\u00e4ckwagen zur Verf\u00fcgung stellen.<\/p>\n<p>Wenn Sie Schwierigkeiten haben, sich zu bewegen, teilen Sie uns dies bitte bei der Buchung mit. Wir werden uns bem\u00fchen, Ihnen je nach Verf\u00fcgbarkeit das am leichtesten zug\u00e4ngliche Zimmer zuzuweisen.<\/p>\t\t\t\t\t\t\t\t<\/div>\n\t\t\t\t<\/div>\n\t\t\t\t\t<\/div>\n\t\t\t\t<\/div>\n\t\t<div class=\"elementor-element elementor-element-ac1c0ce e-flex e-con-boxed e-con e-parent\" data-id=\"ac1c0ce\" data-element_type=\"container\" data-e-type=\"container\">\n\t\t\t\t\t<div class=\"e-con-inner\">\n\t\t\t\t<div class=\"elementor-element elementor-element-c3ab827 elementor-view-default elementor-position-top elementor-widget elementor-widget-themo-header\" data-id=\"c3ab827\" data-element_type=\"widget\" data-e-type=\"widget\" data-widget_type=\"themo-header.default\">\n\t\t\t\t<div class=\"elementor-widget-container\">\n\t\t\t\t\t\t\t<div class=\"th-header-wrap\">\n        <div class=\"elementor-icon-box-wrapper\">\n                            <div class=\"elementor-icon-box-content\">\n                    <h2 class=\"elementor-icon-box-title\">\n                        Angemessene Ausstattung                    <\/h2>\n                                            <span class=\"th-header-divider\"><\/span>\n                                        <p class=\"elementor-icon-box-description\"><\/p>\n\n                                    <\/div>\n            <\/div>\n\n        <\/div>\n\n\t\t\t\t\t\t<\/div>\n\t\t\t\t<\/div>\n\t\t<div class=\"elementor-element elementor-element-4ca51e1 e-flex e-con-boxed e-con e-child\" data-id=\"4ca51e1\" data-element_type=\"container\" data-e-type=\"container\">\n\t\t\t\t\t<div class=\"e-con-inner\">\n\t\t\t\t<div class=\"elementor-element elementor-element-069bc6a elementor-widget__width-initial elementor-widget-mobile__width-initial elementor-widget elementor-widget-text-editor\" data-id=\"069bc6a\" data-element_type=\"widget\" data-e-type=\"widget\" data-widget_type=\"text-editor.default\">\n\t\t\t\t<div class=\"elementor-widget-container\">\n\t\t\t\t\t\t\t\t\t<p style=\"font-size: 16px; font-family: 'Open Sans'; font-weight: 400; color: #666666; font-style: normal; text-align: start;\">Auf Anfrage stellen wir unseren G\u00e4sten mit Behinderungen Einrichtungen zur Verf\u00fcgung, die ihnen den Aufenthalt erleichtern.&nbsp;<\/p>\n<ul style=\"text-align: start;\">\n<li>Licht- und Vibrationswecker,&nbsp;<\/li>\n<li>Rollstuhl,&nbsp;<\/li>\n<li>TV-Fernbedienungen mit gro\u00dfen Tasten und kontrastreichen Farben,&nbsp;<\/li>\n<li>Mit Markierungen ausgestattete \"Schl\u00fcssel\"-Karten.<\/li>\n<\/ul>\n<p style=\"font-size: 16px; font-family: 'Open Sans'; font-weight: 400; color: #666666; font-style: normal; text-align: start;\">Au\u00dferdem ist unser Team darauf geschult, Menschen mit Behinderungen optimal zu betreuen.<\/p>\t\t\t\t\t\t\t\t<\/div>\n\t\t\t\t<\/div>\n\t\t\t\t<div class=\"elementor-element elementor-element-0f4bedd elementor--h-position-center elementor--v-position-middle elementor-arrows-position-inside elementor-pagination-position-inside elementor-widget elementor-widget-slides\" data-id=\"0f4bedd\" data-element_type=\"widget\" data-e-type=\"widget\" data-settings=\"{&quot;navigation&quot;:&quot;both&quot;,&quot;autoplay&quot;:&quot;yes&quot;,&quot;pause_on_hover&quot;:&quot;yes&quot;,&quot;pause_on_interaction&quot;:&quot;yes&quot;,&quot;autoplay_speed&quot;:5000,&quot;infinite&quot;:&quot;yes&quot;,&quot;transition&quot;:&quot;slide&quot;,&quot;transition_speed&quot;:500}\" data-widget_type=\"slides.default\">\n\t\t\t\t<div class=\"elementor-widget-container\">\n\t\t\t\t\t\t\t\t\t<div class=\"elementor-swiper\">\n\t\t\t\t\t<div class=\"elementor-slides-wrapper elementor-main-swiper swiper\" role=\"region\" aria-roledescription=\"carousel\" aria-label=\"Slides\" dir=\"ltr\" data-animation=\"fadeInUp\">\n\t\t\t\t<div class=\"swiper-wrapper elementor-slides\">\n\t\t\t\t\t\t\t\t\t\t<div class=\"elementor-repeater-item-c795ac9 swiper-slide\" role=\"group\" aria-roledescription=\"slide\"><div class=\"swiper-slide-bg elementor-ken-burns elementor-ken-burns--in\" role=\"img\" aria-label=\"T\u00e9l\u00e9commande grosse touche\"><\/div><div class=\"swiper-slide-inner\" ><div class=\"swiper-slide-contents\"><\/div><\/div><\/div><div class=\"elementor-repeater-item-50d3436 swiper-slide\" role=\"group\" aria-roledescription=\"slide\"><div class=\"swiper-slide-bg\" role=\"img\" aria-label=\"R\u00e9veil vibrant\"><\/div><div class=\"swiper-slide-inner\" ><div class=\"swiper-slide-contents\"><\/div><\/div><\/div><div class=\"elementor-repeater-item-7a70287 swiper-slide\" role=\"group\" aria-roledescription=\"slide\"><div class=\"swiper-slide-bg elementor-ken-burns elementor-ken-burns--in\" role=\"img\" aria-label=\"Fauteuil roulant\"><\/div><div class=\"swiper-slide-inner\" ><div class=\"swiper-slide-contents\"><\/div><\/div><\/div>\t\t\t\t<\/div>\n\t\t\t\t\t\t\t\t\t\t\t\t\t\t\t<div class=\"elementor-swiper-button elementor-swiper-button-prev\" role=\"button\" tabindex=\"0\" aria-label=\"Previous slide\">\n\t\t\t\t\t\t\t<i aria-hidden=\"true\" class=\"eicon-chevron-left\"><\/i>\t\t\t\t\t\t<\/div>\n\t\t\t\t\t\t<div class=\"elementor-swiper-button elementor-swiper-button-next\" role=\"button\" tabindex=\"0\" aria-label=\"Next slide\">\n\t\t\t\t\t\t\t<i aria-hidden=\"true\" class=\"eicon-chevron-right\"><\/i>\t\t\t\t\t\t<\/div>\n\t\t\t\t\t\t\t\t\t\t\t\t\t\t\t\t<div class=\"swiper-pagination\"><\/div>\n\t\t\t\t\t\t\t\t\t\t\t\t<\/div>\n\t\t\t\t<\/div>\n\t\t\t\t\t\t\t\t<\/div>\n\t\t\t\t<\/div>\n\t\t\t\t\t<\/div>\n\t\t\t\t<\/div>\n\t\t\t\t\t<\/div>\n\t\t\t\t<\/div>\n\t\t\t\t<\/div>","protected":false},"excerpt":{"rendered":"<p>Zug\u00e4nglichkeit Zug\u00e4nglichkeit ist f\u00fcr das Hotelteam ein wichtiges Anliegen. Trotz der Einschr\u00e4nkungen, die mit der Struktur des Geb\u00e4udes verbunden sind, bieten wir verschiedene Dienstleistungen an, die unseren G\u00e4sten mit einer Behinderung den Aufenthalt erleichtern. Zug\u00e4nglichkeit Unser Hotel ist ein ... <a href=\"https:\/\/www.hotel-renaissance.fr\/de\/accessibilite\/\">Read More<\/a><\/p>","protected":false},"author":1,"featured_media":4012,"parent":0,"menu_order":0,"comment_status":"closed","ping_status":"closed","template":"","meta":{"_glsr_average":0,"_glsr_ranking":0,"_glsr_reviews":0,"footnotes":""},"class_list":["post-4003","page","type-page","status-publish","has-post-thumbnail","hentry"],"yoast_head":"<!-- This site is optimized with the Yoast SEO Premium plugin v25.1 (Yoast SEO v27.4) - https:\/\/yoast.com\/product\/yoast-seo-premium-wordpress\/ -->\n<title>Accessibilit\u00e9<\/title>\n<meta name=\"description\" content=\"Nous proposons diff\u00e9rents services permettant de faciliter le s\u00e9jour de nos clients touch\u00e9s par un handicap.\" \/>\n<meta name=\"robots\" content=\"index, follow, max-snippet:-1, max-image-preview:large, max-video-preview:-1\" \/>\n<link rel=\"canonical\" href=\"https:\/\/www.hotel-renaissance.fr\/de\/accessibilite\/\" \/>\n<meta property=\"og:locale\" content=\"de_DE\" \/>\n<meta property=\"og:type\" content=\"article\" \/>\n<meta property=\"og:title\" content=\"Accessibilit\u00e9\" \/>\n<meta property=\"og:description\" content=\"Nous proposons diff\u00e9rents services permettant de faciliter le s\u00e9jour de nos clients touch\u00e9s par un handicap.\" \/>\n<meta property=\"og:url\" content=\"https:\/\/www.hotel-renaissance.fr\/de\/accessibilite\/\" \/>\n<meta property=\"og:site_name\" content=\"Site officiel de l&#039;h\u00f4tel Renaissance \u00e0 Castres\" \/>\n<meta property=\"article:publisher\" content=\"https:\/\/www.facebook.com\/hotelrenaissancecastres\/\" \/>\n<meta property=\"article:modified_time\" content=\"2024-08-05T10:08:03+00:00\" \/>\n<meta property=\"og:image\" content=\"https:\/\/www.hotel-renaissance.fr\/wp-content\/uploads\/2023\/11\/Accessibilite.jpeg\" \/>\n\t<meta property=\"og:image:width\" content=\"2048\" \/>\n\t<meta property=\"og:image:height\" content=\"1159\" \/>\n\t<meta property=\"og:image:type\" content=\"image\/jpeg\" \/>\n<meta name=\"twitter:card\" content=\"summary_large_image\" \/>\n<meta name=\"twitter:site\" content=\"@HOTELRENAISSANC\" \/>\n<meta name=\"twitter:label1\" content=\"Gesch\u00e4tzte Lesezeit\" \/>\n\t<meta name=\"twitter:data1\" content=\"2\u00a0Minuten\" \/>\n<script type=\"application\/ld+json\" class=\"yoast-schema-graph\">{\"@context\":\"https:\\\/\\\/schema.org\",\"@graph\":[{\"@type\":\"WebPage\",\"@id\":\"https:\\\/\\\/www.hotel-renaissance.fr\\\/accessibilite\\\/\",\"url\":\"https:\\\/\\\/www.hotel-renaissance.fr\\\/accessibilite\\\/\",\"name\":\"Accessibilit\u00e9\",\"isPartOf\":{\"@id\":\"https:\\\/\\\/www.hotel-renaissance.fr\\\/#website\"},\"primaryImageOfPage\":{\"@id\":\"https:\\\/\\\/www.hotel-renaissance.fr\\\/accessibilite\\\/#primaryimage\"},\"image\":{\"@id\":\"https:\\\/\\\/www.hotel-renaissance.fr\\\/accessibilite\\\/#primaryimage\"},\"thumbnailUrl\":\"https:\\\/\\\/www.hotel-renaissance.fr\\\/wp-content\\\/uploads\\\/2023\\\/11\\\/Accessibilite.jpeg\",\"datePublished\":\"2023-11-28T14:09:27+00:00\",\"dateModified\":\"2024-08-05T10:08:03+00:00\",\"description\":\"Nous proposons diff\u00e9rents services permettant de faciliter le s\u00e9jour de nos clients touch\u00e9s par un handicap.\",\"breadcrumb\":{\"@id\":\"https:\\\/\\\/www.hotel-renaissance.fr\\\/accessibilite\\\/#breadcrumb\"},\"inLanguage\":\"de\",\"potentialAction\":[{\"@type\":\"ReadAction\",\"target\":[\"https:\\\/\\\/www.hotel-renaissance.fr\\\/accessibilite\\\/\"]}]},{\"@type\":\"ImageObject\",\"inLanguage\":\"de\",\"@id\":\"https:\\\/\\\/www.hotel-renaissance.fr\\\/accessibilite\\\/#primaryimage\",\"url\":\"https:\\\/\\\/www.hotel-renaissance.fr\\\/wp-content\\\/uploads\\\/2023\\\/11\\\/Accessibilite.jpeg\",\"contentUrl\":\"https:\\\/\\\/www.hotel-renaissance.fr\\\/wp-content\\\/uploads\\\/2023\\\/11\\\/Accessibilite.jpeg\",\"width\":2048,\"height\":1159,\"caption\":\"Accessibilit\u00e9\"},{\"@type\":\"BreadcrumbList\",\"@id\":\"https:\\\/\\\/www.hotel-renaissance.fr\\\/accessibilite\\\/#breadcrumb\",\"itemListElement\":[{\"@type\":\"ListItem\",\"position\":1,\"name\":\"Accueil\",\"item\":\"https:\\\/\\\/www.hotel-renaissance.fr\\\/\"},{\"@type\":\"ListItem\",\"position\":2,\"name\":\"Accessibilit\u00e9\"}]},{\"@type\":\"WebSite\",\"@id\":\"https:\\\/\\\/www.hotel-renaissance.fr\\\/#website\",\"url\":\"https:\\\/\\\/www.hotel-renaissance.fr\\\/\",\"name\":\"H\u00f4tel Renaissance de Castres\",\"description\":\"Le meilleur de l&#039;h\u00f4tellerie\",\"publisher\":{\"@id\":\"https:\\\/\\\/www.hotel-renaissance.fr\\\/#organization\"},\"potentialAction\":[{\"@type\":\"SearchAction\",\"target\":{\"@type\":\"EntryPoint\",\"urlTemplate\":\"https:\\\/\\\/www.hotel-renaissance.fr\\\/?s={search_term_string}\"},\"query-input\":{\"@type\":\"PropertyValueSpecification\",\"valueRequired\":true,\"valueName\":\"search_term_string\"}}],\"inLanguage\":\"de\"},{\"@type\":\"Organization\",\"@id\":\"https:\\\/\\\/www.hotel-renaissance.fr\\\/#organization\",\"name\":\"H\u00f4tel Renaissance Castres\",\"url\":\"https:\\\/\\\/www.hotel-renaissance.fr\\\/\",\"logo\":{\"@type\":\"ImageObject\",\"inLanguage\":\"de\",\"@id\":\"https:\\\/\\\/www.hotel-renaissance.fr\\\/#\\\/schema\\\/logo\\\/image\\\/\",\"url\":\"https:\\\/\\\/www.hotel-renaissance.fr\\\/wp-content\\\/uploads\\\/2020\\\/01\\\/logo_4_etoile_or_transparent-1.jpg\",\"contentUrl\":\"https:\\\/\\\/www.hotel-renaissance.fr\\\/wp-content\\\/uploads\\\/2020\\\/01\\\/logo_4_etoile_or_transparent-1.jpg\",\"width\":1000,\"height\":1000,\"caption\":\"H\u00f4tel Renaissance Castres\"},\"image\":{\"@id\":\"https:\\\/\\\/www.hotel-renaissance.fr\\\/#\\\/schema\\\/logo\\\/image\\\/\"},\"sameAs\":[\"https:\\\/\\\/www.facebook.com\\\/hotelrenaissancecastres\\\/\",\"https:\\\/\\\/x.com\\\/HOTELRENAISSANC\"]}]}<\/script>\n<!-- \/ Yoast SEO Premium plugin. -->","yoast_head_json":{"title":"Zug\u00e4nglichkeit","description":"Nous proposons diff\u00e9rents services permettant de faciliter le s\u00e9jour de nos clients touch\u00e9s par un handicap.","robots":{"index":"index","follow":"follow","max-snippet":"max-snippet:-1","max-image-preview":"max-image-preview:large","max-video-preview":"max-video-preview:-1"},"canonical":"https:\/\/www.hotel-renaissance.fr\/de\/accessibilite\/","og_locale":"de_DE","og_type":"article","og_title":"Accessibilit\u00e9","og_description":"Nous proposons diff\u00e9rents services permettant de faciliter le s\u00e9jour de nos clients touch\u00e9s par un handicap.","og_url":"https:\/\/www.hotel-renaissance.fr\/de\/accessibilite\/","og_site_name":"Site officiel de l&#039;h\u00f4tel Renaissance \u00e0 Castres","article_publisher":"https:\/\/www.facebook.com\/hotelrenaissancecastres\/","article_modified_time":"2024-08-05T10:08:03+00:00","og_image":[{"width":2048,"height":1159,"url":"https:\/\/www.hotel-renaissance.fr\/wp-content\/uploads\/2023\/11\/Accessibilite.jpeg","type":"image\/jpeg"}],"twitter_card":"summary_large_image","twitter_site":"@HOTELRENAISSANC","twitter_misc":{"Gesch\u00e4tzte Lesezeit":"2\u00a0Minuten"},"schema":{"@context":"https:\/\/schema.org","@graph":[{"@type":"WebPage","@id":"https:\/\/www.hotel-renaissance.fr\/accessibilite\/","url":"https:\/\/www.hotel-renaissance.fr\/accessibilite\/","name":"Zug\u00e4nglichkeit","isPartOf":{"@id":"https:\/\/www.hotel-renaissance.fr\/#website"},"primaryImageOfPage":{"@id":"https:\/\/www.hotel-renaissance.fr\/accessibilite\/#primaryimage"},"image":{"@id":"https:\/\/www.hotel-renaissance.fr\/accessibilite\/#primaryimage"},"thumbnailUrl":"https:\/\/www.hotel-renaissance.fr\/wp-content\/uploads\/2023\/11\/Accessibilite.jpeg","datePublished":"2023-11-28T14:09:27+00:00","dateModified":"2024-08-05T10:08:03+00:00","description":"Nous proposons diff\u00e9rents services permettant de faciliter le s\u00e9jour de nos clients touch\u00e9s par un handicap.","breadcrumb":{"@id":"https:\/\/www.hotel-renaissance.fr\/accessibilite\/#breadcrumb"},"inLanguage":"de","potentialAction":[{"@type":"ReadAction","target":["https:\/\/www.hotel-renaissance.fr\/accessibilite\/"]}]},{"@type":"ImageObject","inLanguage":"de","@id":"https:\/\/www.hotel-renaissance.fr\/accessibilite\/#primaryimage","url":"https:\/\/www.hotel-renaissance.fr\/wp-content\/uploads\/2023\/11\/Accessibilite.jpeg","contentUrl":"https:\/\/www.hotel-renaissance.fr\/wp-content\/uploads\/2023\/11\/Accessibilite.jpeg","width":2048,"height":1159,"caption":"Accessibilit\u00e9"},{"@type":"BreadcrumbList","@id":"https:\/\/www.hotel-renaissance.fr\/accessibilite\/#breadcrumb","itemListElement":[{"@type":"ListItem","position":1,"name":"Accueil","item":"https:\/\/www.hotel-renaissance.fr\/"},{"@type":"ListItem","position":2,"name":"Accessibilit\u00e9"}]},{"@type":"WebSite","@id":"https:\/\/www.hotel-renaissance.fr\/#website","url":"https:\/\/www.hotel-renaissance.fr\/","name":"H\u00f4tel Renaissance de Castres","description":"Le meilleur de l&#039;h\u00f4tellerie","publisher":{"@id":"https:\/\/www.hotel-renaissance.fr\/#organization"},"potentialAction":[{"@type":"SearchAction","target":{"@type":"EntryPoint","urlTemplate":"https:\/\/www.hotel-renaissance.fr\/?s={search_term_string}"},"query-input":{"@type":"PropertyValueSpecification","valueRequired":true,"valueName":"search_term_string"}}],"inLanguage":"de"},{"@type":"Organization","@id":"https:\/\/www.hotel-renaissance.fr\/#organization","name":"Renaissance Castres Hotel","url":"https:\/\/www.hotel-renaissance.fr\/","logo":{"@type":"ImageObject","inLanguage":"de","@id":"https:\/\/www.hotel-renaissance.fr\/#\/schema\/logo\/image\/","url":"https:\/\/www.hotel-renaissance.fr\/wp-content\/uploads\/2020\/01\/logo_4_etoile_or_transparent-1.jpg","contentUrl":"https:\/\/www.hotel-renaissance.fr\/wp-content\/uploads\/2020\/01\/logo_4_etoile_or_transparent-1.jpg","width":1000,"height":1000,"caption":"H\u00f4tel Renaissance Castres"},"image":{"@id":"https:\/\/www.hotel-renaissance.fr\/#\/schema\/logo\/image\/"},"sameAs":["https:\/\/www.facebook.com\/hotelrenaissancecastres\/","https:\/\/x.com\/HOTELRENAISSANC"]}]}},"amp_enabled":true,"_links":{"self":[{"href":"https:\/\/www.hotel-renaissance.fr\/de\/wp-json\/wp\/v2\/pages\/4003","targetHints":{"allow":["GET"]}}],"collection":[{"href":"https:\/\/www.hotel-renaissance.fr\/de\/wp-json\/wp\/v2\/pages"}],"about":[{"href":"https:\/\/www.hotel-renaissance.fr\/de\/wp-json\/wp\/v2\/types\/page"}],"author":[{"embeddable":true,"href":"https:\/\/www.hotel-renaissance.fr\/de\/wp-json\/wp\/v2\/users\/1"}],"replies":[{"embeddable":true,"href":"https:\/\/www.hotel-renaissance.fr\/de\/wp-json\/wp\/v2\/comments?post=4003"}],"version-history":[{"count":0,"href":"https:\/\/www.hotel-renaissance.fr\/de\/wp-json\/wp\/v2\/pages\/4003\/revisions"}],"wp:featuredmedia":[{"embeddable":true,"href":"https:\/\/www.hotel-renaissance.fr\/de\/wp-json\/wp\/v2\/media\/4012"}],"wp:attachment":[{"href":"https:\/\/www.hotel-renaissance.fr\/de\/wp-json\/wp\/v2\/media?parent=4003"}],"curies":[{"name":"wp","href":"https:\/\/api.w.org\/{rel}","templated":true}]}}