{"id":5043,"date":"2024-08-05T12:17:01","date_gmt":"2024-08-05T10:17:01","guid":{"rendered":"https:\/\/www.hotel-renaissance.fr\/?page_id=5043"},"modified":"2024-08-05T18:50:02","modified_gmt":"2024-08-05T16:50:02","slug":"condition-generales-de-vente","status":"publish","type":"page","link":"https:\/\/www.hotel-renaissance.fr\/es\/condition-generales-de-vente\/","title":{"rendered":"Condiciones generales de venta"},"content":{"rendered":"<div data-elementor-type=\"wp-page\" data-elementor-id=\"5043\" class=\"elementor elementor-5043\" data-elementor-post-type=\"page\">\n\t\t\t\t<div class=\"elementor-element elementor-element-a087c3e e-con-full e-flex e-con e-parent\" data-id=\"a087c3e\" data-element_type=\"container\" data-e-type=\"container\" data-settings=\"{&quot;background_background&quot;:&quot;classic&quot;}\">\n\t\t\t\t<div class=\"elementor-element elementor-element-6c51557 elementor-view-default elementor-position-top elementor-widget elementor-widget-themo-header\" data-id=\"6c51557\" data-element_type=\"widget\" data-e-type=\"widget\" data-widget_type=\"themo-header.default\">\n\t\t\t\t<div class=\"elementor-widget-container\">\n\t\t\t\t\t\t\t<div class=\"th-header-wrap\">\n        <div class=\"elementor-icon-box-wrapper\">\n                            <div class=\"elementor-icon-box-content\">\n                    <h1 class=\"elementor-icon-box-title\">\n                        Condiciones generales de venta                    <\/h1>\n                                            <span class=\"th-header-divider\"><\/span>\n                                        <p class=\"elementor-icon-box-description\">Nuestras condiciones generales de venta establecen los t\u00e9rminos y condiciones que rigen la relaci\u00f3n entre nuestra empresa y nuestros clientes. Definen los derechos y obligaciones de cada parte, garantizando una transacci\u00f3n transparente y justa. L\u00e9alas atentamente para conocer sus derechos y responsabilidades. No dude en ponerse en contacto con nosotros si tiene alguna pregunta o duda.<\/p>\n\n                                    <\/div>\n            <\/div>\n\n        <\/div>\n\n\t\t\t\t\t\t<\/div>\n\t\t\t\t<\/div>\n\t\t\t\t<\/div>\n\t\t<div class=\"elementor-element elementor-element-4e3d6d7 e-flex e-con-boxed e-con e-parent\" data-id=\"4e3d6d7\" data-element_type=\"container\" data-e-type=\"container\">\n\t\t\t\t\t<div class=\"e-con-inner\">\n\t\t\t\t<div class=\"elementor-element elementor-element-af6e4a5 elementor-widget-mobile__width-initial elementor-widget elementor-widget-heading\" data-id=\"af6e4a5\" data-element_type=\"widget\" data-e-type=\"widget\" data-widget_type=\"heading.default\">\n\t\t\t\t<div class=\"elementor-widget-container\">\n\t\t\t\t\t<h2 class=\"elementor-heading-title elementor-size-default\">Condiciones generales de venta<\/h2>\t\t\t\t<\/div>\n\t\t\t\t<\/div>\n\t\t\t\t<div class=\"elementor-element elementor-element-b4ff9b6 elementor-widget-mobile__width-initial elementor-widget elementor-widget-text-editor\" data-id=\"b4ff9b6\" data-element_type=\"widget\" data-e-type=\"widget\" data-widget_type=\"text-editor.default\">\n\t\t\t\t<div class=\"elementor-widget-container\">\n\t\t\t\t\t\t\t\t\t<h4 style=\"text-align: center;\"><b style=\"color: inherit; font-family: inherit; font-size: inherit; font-style: inherit;\">Informaci\u00f3n jur\u00eddica<\/b><\/h4><p style=\"text-align: left;\">El hotel Renaissance de Castres, gestionado por la empresa \"\u00a0<em><strong>Casa solariega renacentista<\/strong><\/em>\u00a0\"es un <strong><em>SAS<\/em><\/strong> inscrita en el Registre du Commerce et des Soci\u00e9t\u00e9s con el n\u00famero \"\u00a0<em><strong>Castres B 851 750 760<\/strong><\/em>\" .<\/p><p style=\"text-align: left;\">Nuestro n\u00famero de IVA es <em><strong>FR13851750760<\/strong><\/em>.<\/p><p style=\"text-align: left;\">El capital social de la empresa asciende a <em><strong>10 000 \u20ac<\/strong><\/em>.<\/p><h4 style=\"text-align: center;\"><b>Precios y pagos<\/b><\/h4><p style=\"text-align: left;\" data-sourcepos=\"5:1-5:49\">Ofrecemos dos tipos de tarifas:<\/p><ul data-sourcepos=\"7:1-7:53\"><li style=\"text-align: left;\" data-sourcepos=\"7:1-7:53\"><strong>No cancelable y no reembolsable :<\/strong> El pago completo debe efectuarse en el momento de la reserva.<\/li><li style=\"text-align: left;\" data-sourcepos=\"8:1-8:82\"><strong>Flexible :<\/strong> El pago se efect\u00faa en el momento del registro de entrada. Se puede cancelar sin cargo alguno hasta 24 horas antes de la hora de llegada prevista. Transcurrido este plazo, se cobrar\u00e1 la estancia completa.<\/li><\/ul><h4 style=\"text-align: center;\"><b>Comentarios de los clientes<\/b><\/h4><p style=\"text-align: left;\">Las opiniones se clasifican por <em><strong>orden cronol\u00f3gico<\/strong><\/em> y no est\u00e1n sujetos a <em><strong>ninguna consideraci\u00f3n<\/strong><\/em>.<\/p><p style=\"text-align: left;\">Publicamos todos los anuncios en un <em><strong>m\u00e1ximo 48 horas<\/strong> <\/em>sin fecha de caducidad.<\/p><p style=\"text-align: left;\">No existe un procedimiento formal de control.<\/p><p style=\"text-align: left;\">Nos reservamos el derecho a no <em><strong>no publicar<\/strong><\/em> anuncios que contienen declaraciones <em><strong>ofensiva<\/strong><\/em>, <em><strong>difamatorio<\/strong><\/em> o <em><strong>inapropiado<\/strong><\/em>.<\/p><p style=\"text-align: left;\">Puede <em><strong>cambie de opini\u00f3n<\/strong> <\/em>en cualquier momento enviando una solicitud por correo electr\u00f3nico a <a href=\"mailto:contact@hotel-renaissance.fr\">contact@hotel-renaissance.fr<\/a>.<\/p><h4 style=\"text-align: center;\"><b>Defensor del consumidor<\/b><\/h4><p>Si no recibe una respuesta satisfactoria en el plazo de un mes desde que se puso en contacto con nuestro servicio de atenci\u00f3n al cliente, puede remitir el asunto al Defensor del Turismo y los Viajes, cuyos datos de contacto figuran a continuaci\u00f3n:<\/p><p><strong>Mediaci\u00f3n en turismo y viajes<\/strong><\/p><p><strong>BP 80 303<\/strong><\/p><p><strong>75 823 PAR\u00cdS Cedex 17<\/strong><\/p><p><a href=\"http:\/\/www.mtv.travel\"><strong>www.mtv.travel<\/strong><\/a><\/p><h4 style=\"text-align: center;\"><strong>Resoluci\u00f3n de litigios<\/strong><\/h4><p style=\"text-align: left;\" data-sourcepos=\"1:1-1:509\">En caso de litigio no resuelto con nuestro establecimiento, puede recurrir a un <em><strong>procedimiento de mediaci\u00f3n<\/strong><\/em> de consumo. De conformidad con el art\u00edculo 14 del Reglamento (UE) n.\u00ba 524\/2013, <span class=\"citation-0 citation-end-0\">la Comisi\u00f3n Europea pone a disposici\u00f3n del p\u00fablico un <em><strong>Plataforma de resoluci\u00f3n de litigios en l\u00ednea<\/strong><\/em> (RLL), disponible en la siguiente direcci\u00f3n<\/span> siguiente:<\/p><p data-sourcepos=\"1:1-1:509\"><a href=\"https:\/\/ec.europa.eu\/consumers\/odr\/main\/index.cfm?event=main.home2.show&lng=FR\" target=\"_blank\" rel=\"noopener\"><span class=\"citation-1\">https:\/\/ec.europa.eu\/consumers\/odr\/main\/index.cfm?event=main.home2.show&lng=FR<\/span><\/a><span class=\"button-container ng-star-inserted\">\u00a0 \u00a0<\/span><\/p><p style=\"text-align: left;\" data-sourcepos=\"1:1-1:509\">Esta plataforma facilita la resoluci\u00f3n independiente y extrajudicial de litigios en l\u00ednea entre consumidores y profesionales en la Uni\u00f3n Europea.<\/p><h4 style=\"text-align: center;\"><b>Derecho de retractaci\u00f3n<\/b><\/h4><p style=\"text-align: left;\">De conformidad con el art\u00edculo <em><strong>L.221-28<\/strong><\/em> del C\u00f3digo de Consumo, <em><strong>no se aplica el derecho de desistimiento<\/strong><\/em> contratos relativos a<br \/>sobre la prestaci\u00f3n de servicios de alojamiento, transporte, restauraci\u00f3n u ocio prestados en una fecha u hora determinadas.<\/p><h4 style=\"text-align: center;\"><b>Aparcacoches<\/b><\/h4><p style=\"text-align: left;\">Nuestro servicio de aparcacoches est\u00e1 a su disposici\u00f3n durante <em><strong>horario de apertura<\/strong><\/em> de recepci\u00f3n y su veh\u00edculo quedar\u00e1 aparcado en un garaje privado. En caso de da\u00f1os, robo o cualquier otro incidente ocurrido mientras su veh\u00edculo est\u00e1 aparcado, tenemos un seguro con<\/p><div data-e2e-address-street=\"\"><strong><em>Garant\u00eda GAN<\/em><\/strong><\/div><div class=\"lf-parts-address__street lf-location__main__info__card__address__street\" data-e2e-address-street=\"\">35 Boulevard Georges Cl\u00e9menceau<\/div><div class=\"lf-parts-address__city lf-location__main__info__card__address__city\" data-e2e-address-city=\"\">81100 CASTRES<\/div><p style=\"text-align: left;\">Tenga en cuenta que este seguro cubrir\u00e1 <em><strong>s\u00f3lo<\/strong><\/em> si su propio seguro de coche no cubre los da\u00f1os.<\/p><h4>\u00a0<\/h4><h4 style=\"text-align: center;\"><strong>Pol\u00edtica de no fumadores<\/strong><\/h4><p style=\"text-align: left;\">Es estrictamente <em><strong>prohibido<\/strong><\/em> de <em><strong>fumar<\/strong><\/em> en las habitaciones de nuestro establecimiento. Cualquier incumplimiento de esta norma dar\u00e1 lugar a una <em><strong>facturaci\u00f3n adicional<\/strong><\/em> hasta <em><strong>400 \u20ac<\/strong><\/em> para cubrir los gastos de limpieza y restauraci\u00f3n de la habitaci\u00f3n. Esta suma se a\u00f1ade a su <em>factura final.<\/em> Nos gustar\u00eda agradecerle su comprensi\u00f3n y cooperaci\u00f3n para mantener un alto nivel de servicio. <strong><em>un entorno sano y agradable<\/em><\/strong> para todos nuestros clientes.<\/p>\t\t\t\t\t\t\t\t<\/div>\n\t\t\t\t<\/div>\n\t\t\t\t\t<\/div>\n\t\t\t\t<\/div>\n\t\t\t\t<\/div>","protected":false},"excerpt":{"rendered":"<p>Conditions g\u00e9n\u00e9rales de vente Nos conditions g\u00e9n\u00e9rales de vente \u00e9tablissent les termes et les modalit\u00e9s qui r\u00e9gissent la relation entre notre entreprise et nos clients. Elles d\u00e9finissent les droits et les obligations de chacune des parties, garantissant ainsi une transaction &hellip; <a href=\"https:\/\/www.hotel-renaissance.fr\/es\/condition-generales-de-vente\/\">Seguir leyendo<\/a><\/p>","protected":false},"author":1,"featured_media":5047,"parent":0,"menu_order":0,"comment_status":"closed","ping_status":"closed","template":"","meta":{"_glsr_average":0,"_glsr_ranking":0,"_glsr_reviews":0,"footnotes":""},"class_list":["post-5043","page","type-page","status-publish","has-post-thumbnail","hentry"],"yoast_head":"<!-- This site is optimized with the Yoast SEO Premium plugin v25.1 (Yoast SEO v27.5) - https:\/\/yoast.com\/product\/yoast-seo-premium-wordpress\/ -->\n<title>Conditions g\u00e9n\u00e9rales de vente<\/title>\n<meta name=\"description\" content=\"Tout savoir sur les conditions g\u00e9n\u00e9rales de vente de l&#039;h\u00f4tel Renaissance de Castres. Tarifs, annulation, et avis clients.\" \/>\n<meta name=\"robots\" content=\"index, follow, max-snippet:-1, max-image-preview:large, max-video-preview:-1\" \/>\n<link rel=\"canonical\" href=\"https:\/\/www.hotel-renaissance.fr\/es\/condition-generales-de-vente\/\" \/>\n<meta property=\"og:locale\" content=\"es_ES\" \/>\n<meta property=\"og:type\" content=\"article\" \/>\n<meta property=\"og:title\" content=\"Conditions g\u00e9n\u00e9rales de vente\" \/>\n<meta property=\"og:description\" content=\"Tout savoir sur les conditions g\u00e9n\u00e9rales de vente de l&#039;h\u00f4tel Renaissance de Castres. Tarifs, annulation, et avis clients.\" \/>\n<meta property=\"og:url\" content=\"https:\/\/www.hotel-renaissance.fr\/es\/condition-generales-de-vente\/\" \/>\n<meta property=\"og:site_name\" content=\"Site officiel de l&#039;h\u00f4tel Renaissance \u00e0 Castres\" \/>\n<meta property=\"article:publisher\" content=\"https:\/\/www.facebook.com\/hotelrenaissancecastres\/\" \/>\n<meta property=\"article:modified_time\" content=\"2024-08-05T16:50:02+00:00\" \/>\n<meta property=\"og:image\" content=\"https:\/\/www.hotel-renaissance.fr\/wp-content\/uploads\/2024\/08\/conditions-generales-de-vente-cgv.jpg\" \/>\n\t<meta property=\"og:image:width\" content=\"1622\" \/>\n\t<meta property=\"og:image:height\" content=\"618\" \/>\n\t<meta property=\"og:image:type\" content=\"image\/jpeg\" \/>\n<meta name=\"twitter:card\" content=\"summary_large_image\" \/>\n<meta name=\"twitter:site\" content=\"@HOTELRENAISSANC\" \/>\n<meta name=\"twitter:label1\" content=\"Tiempo de lectura\" \/>\n\t<meta name=\"twitter:data1\" content=\"3 minutos\" \/>\n<script type=\"application\/ld+json\" class=\"yoast-schema-graph\">{\"@context\":\"https:\\\/\\\/schema.org\",\"@graph\":[{\"@type\":\"WebPage\",\"@id\":\"https:\\\/\\\/www.hotel-renaissance.fr\\\/condition-generales-de-vente\\\/\",\"url\":\"https:\\\/\\\/www.hotel-renaissance.fr\\\/condition-generales-de-vente\\\/\",\"name\":\"Conditions g\u00e9n\u00e9rales de vente\",\"isPartOf\":{\"@id\":\"https:\\\/\\\/www.hotel-renaissance.fr\\\/#website\"},\"primaryImageOfPage\":{\"@id\":\"https:\\\/\\\/www.hotel-renaissance.fr\\\/condition-generales-de-vente\\\/#primaryimage\"},\"image\":{\"@id\":\"https:\\\/\\\/www.hotel-renaissance.fr\\\/condition-generales-de-vente\\\/#primaryimage\"},\"thumbnailUrl\":\"https:\\\/\\\/www.hotel-renaissance.fr\\\/wp-content\\\/uploads\\\/2024\\\/08\\\/conditions-generales-de-vente-cgv.jpg\",\"datePublished\":\"2024-08-05T10:17:01+00:00\",\"dateModified\":\"2024-08-05T16:50:02+00:00\",\"description\":\"Tout savoir sur les conditions g\u00e9n\u00e9rales de vente de l'h\u00f4tel Renaissance de Castres. Tarifs, annulation, et avis clients.\",\"breadcrumb\":{\"@id\":\"https:\\\/\\\/www.hotel-renaissance.fr\\\/condition-generales-de-vente\\\/#breadcrumb\"},\"inLanguage\":\"es\",\"potentialAction\":[{\"@type\":\"ReadAction\",\"target\":[\"https:\\\/\\\/www.hotel-renaissance.fr\\\/condition-generales-de-vente\\\/\"]}]},{\"@type\":\"ImageObject\",\"inLanguage\":\"es\",\"@id\":\"https:\\\/\\\/www.hotel-renaissance.fr\\\/condition-generales-de-vente\\\/#primaryimage\",\"url\":\"https:\\\/\\\/www.hotel-renaissance.fr\\\/wp-content\\\/uploads\\\/2024\\\/08\\\/conditions-generales-de-vente-cgv.jpg\",\"contentUrl\":\"https:\\\/\\\/www.hotel-renaissance.fr\\\/wp-content\\\/uploads\\\/2024\\\/08\\\/conditions-generales-de-vente-cgv.jpg\",\"width\":1622,\"height\":618,\"caption\":\"Conditions g\u00e9n\u00e9rales de vente\"},{\"@type\":\"BreadcrumbList\",\"@id\":\"https:\\\/\\\/www.hotel-renaissance.fr\\\/condition-generales-de-vente\\\/#breadcrumb\",\"itemListElement\":[{\"@type\":\"ListItem\",\"position\":1,\"name\":\"Accueil\",\"item\":\"https:\\\/\\\/www.hotel-renaissance.fr\\\/\"},{\"@type\":\"ListItem\",\"position\":2,\"name\":\"Conditions g\u00e9n\u00e9rales de vente\"}]},{\"@type\":\"WebSite\",\"@id\":\"https:\\\/\\\/www.hotel-renaissance.fr\\\/#website\",\"url\":\"https:\\\/\\\/www.hotel-renaissance.fr\\\/\",\"name\":\"H\u00f4tel Renaissance de Castres\",\"description\":\"Le meilleur de l&#039;h\u00f4tellerie\",\"publisher\":{\"@id\":\"https:\\\/\\\/www.hotel-renaissance.fr\\\/#organization\"},\"potentialAction\":[{\"@type\":\"SearchAction\",\"target\":{\"@type\":\"EntryPoint\",\"urlTemplate\":\"https:\\\/\\\/www.hotel-renaissance.fr\\\/?s={search_term_string}\"},\"query-input\":{\"@type\":\"PropertyValueSpecification\",\"valueRequired\":true,\"valueName\":\"search_term_string\"}}],\"inLanguage\":\"es\"},{\"@type\":\"Organization\",\"@id\":\"https:\\\/\\\/www.hotel-renaissance.fr\\\/#organization\",\"name\":\"H\u00f4tel Renaissance Castres\",\"url\":\"https:\\\/\\\/www.hotel-renaissance.fr\\\/\",\"logo\":{\"@type\":\"ImageObject\",\"inLanguage\":\"es\",\"@id\":\"https:\\\/\\\/www.hotel-renaissance.fr\\\/#\\\/schema\\\/logo\\\/image\\\/\",\"url\":\"https:\\\/\\\/www.hotel-renaissance.fr\\\/wp-content\\\/uploads\\\/2020\\\/01\\\/logo_4_etoile_or_transparent-1.jpg\",\"contentUrl\":\"https:\\\/\\\/www.hotel-renaissance.fr\\\/wp-content\\\/uploads\\\/2020\\\/01\\\/logo_4_etoile_or_transparent-1.jpg\",\"width\":1000,\"height\":1000,\"caption\":\"H\u00f4tel Renaissance Castres\"},\"image\":{\"@id\":\"https:\\\/\\\/www.hotel-renaissance.fr\\\/#\\\/schema\\\/logo\\\/image\\\/\"},\"sameAs\":[\"https:\\\/\\\/www.facebook.com\\\/hotelrenaissancecastres\\\/\",\"https:\\\/\\\/x.com\\\/HOTELRENAISSANC\"]}]}<\/script>\n<!-- \/ Yoast SEO Premium plugin. -->","yoast_head_json":{"title":"Condiciones generales de venta","description":"Tout savoir sur les conditions g\u00e9n\u00e9rales de vente de l'h\u00f4tel Renaissance de Castres. Tarifs, annulation, et avis clients.","robots":{"index":"index","follow":"follow","max-snippet":"max-snippet:-1","max-image-preview":"max-image-preview:large","max-video-preview":"max-video-preview:-1"},"canonical":"https:\/\/www.hotel-renaissance.fr\/es\/condition-generales-de-vente\/","og_locale":"es_ES","og_type":"article","og_title":"Conditions g\u00e9n\u00e9rales de vente","og_description":"Tout savoir sur les conditions g\u00e9n\u00e9rales de vente de l'h\u00f4tel Renaissance de Castres. Tarifs, annulation, et avis clients.","og_url":"https:\/\/www.hotel-renaissance.fr\/es\/condition-generales-de-vente\/","og_site_name":"Site officiel de l&#039;h\u00f4tel Renaissance \u00e0 Castres","article_publisher":"https:\/\/www.facebook.com\/hotelrenaissancecastres\/","article_modified_time":"2024-08-05T16:50:02+00:00","og_image":[{"width":1622,"height":618,"url":"https:\/\/www.hotel-renaissance.fr\/wp-content\/uploads\/2024\/08\/conditions-generales-de-vente-cgv.jpg","type":"image\/jpeg"}],"twitter_card":"summary_large_image","twitter_site":"@HOTELRENAISSANC","twitter_misc":{"Tiempo de lectura":"3 minutos"},"schema":{"@context":"https:\/\/schema.org","@graph":[{"@type":"WebPage","@id":"https:\/\/www.hotel-renaissance.fr\/condition-generales-de-vente\/","url":"https:\/\/www.hotel-renaissance.fr\/condition-generales-de-vente\/","name":"Condiciones generales de venta","isPartOf":{"@id":"https:\/\/www.hotel-renaissance.fr\/#website"},"primaryImageOfPage":{"@id":"https:\/\/www.hotel-renaissance.fr\/condition-generales-de-vente\/#primaryimage"},"image":{"@id":"https:\/\/www.hotel-renaissance.fr\/condition-generales-de-vente\/#primaryimage"},"thumbnailUrl":"https:\/\/www.hotel-renaissance.fr\/wp-content\/uploads\/2024\/08\/conditions-generales-de-vente-cgv.jpg","datePublished":"2024-08-05T10:17:01+00:00","dateModified":"2024-08-05T16:50:02+00:00","description":"Tout savoir sur les conditions g\u00e9n\u00e9rales de vente de l'h\u00f4tel Renaissance de Castres. Tarifs, annulation, et avis clients.","breadcrumb":{"@id":"https:\/\/www.hotel-renaissance.fr\/condition-generales-de-vente\/#breadcrumb"},"inLanguage":"es","potentialAction":[{"@type":"ReadAction","target":["https:\/\/www.hotel-renaissance.fr\/condition-generales-de-vente\/"]}]},{"@type":"ImageObject","inLanguage":"es","@id":"https:\/\/www.hotel-renaissance.fr\/condition-generales-de-vente\/#primaryimage","url":"https:\/\/www.hotel-renaissance.fr\/wp-content\/uploads\/2024\/08\/conditions-generales-de-vente-cgv.jpg","contentUrl":"https:\/\/www.hotel-renaissance.fr\/wp-content\/uploads\/2024\/08\/conditions-generales-de-vente-cgv.jpg","width":1622,"height":618,"caption":"Conditions g\u00e9n\u00e9rales de vente"},{"@type":"BreadcrumbList","@id":"https:\/\/www.hotel-renaissance.fr\/condition-generales-de-vente\/#breadcrumb","itemListElement":[{"@type":"ListItem","position":1,"name":"Accueil","item":"https:\/\/www.hotel-renaissance.fr\/"},{"@type":"ListItem","position":2,"name":"Conditions g\u00e9n\u00e9rales de vente"}]},{"@type":"WebSite","@id":"https:\/\/www.hotel-renaissance.fr\/#website","url":"https:\/\/www.hotel-renaissance.fr\/","name":"H\u00f4tel Renaissance de Castres","description":"Le meilleur de l&#039;h\u00f4tellerie","publisher":{"@id":"https:\/\/www.hotel-renaissance.fr\/#organization"},"potentialAction":[{"@type":"SearchAction","target":{"@type":"EntryPoint","urlTemplate":"https:\/\/www.hotel-renaissance.fr\/?s={search_term_string}"},"query-input":{"@type":"PropertyValueSpecification","valueRequired":true,"valueName":"search_term_string"}}],"inLanguage":"es"},{"@type":"Organization","@id":"https:\/\/www.hotel-renaissance.fr\/#organization","name":"Hotel Renaissance Castres","url":"https:\/\/www.hotel-renaissance.fr\/","logo":{"@type":"ImageObject","inLanguage":"es","@id":"https:\/\/www.hotel-renaissance.fr\/#\/schema\/logo\/image\/","url":"https:\/\/www.hotel-renaissance.fr\/wp-content\/uploads\/2020\/01\/logo_4_etoile_or_transparent-1.jpg","contentUrl":"https:\/\/www.hotel-renaissance.fr\/wp-content\/uploads\/2020\/01\/logo_4_etoile_or_transparent-1.jpg","width":1000,"height":1000,"caption":"H\u00f4tel Renaissance Castres"},"image":{"@id":"https:\/\/www.hotel-renaissance.fr\/#\/schema\/logo\/image\/"},"sameAs":["https:\/\/www.facebook.com\/hotelrenaissancecastres\/","https:\/\/x.com\/HOTELRENAISSANC"]}]}},"amp_enabled":true,"_links":{"self":[{"href":"https:\/\/www.hotel-renaissance.fr\/es\/wp-json\/wp\/v2\/pages\/5043","targetHints":{"allow":["GET"]}}],"collection":[{"href":"https:\/\/www.hotel-renaissance.fr\/es\/wp-json\/wp\/v2\/pages"}],"about":[{"href":"https:\/\/www.hotel-renaissance.fr\/es\/wp-json\/wp\/v2\/types\/page"}],"author":[{"embeddable":true,"href":"https:\/\/www.hotel-renaissance.fr\/es\/wp-json\/wp\/v2\/users\/1"}],"replies":[{"embeddable":true,"href":"https:\/\/www.hotel-renaissance.fr\/es\/wp-json\/wp\/v2\/comments?post=5043"}],"version-history":[{"count":0,"href":"https:\/\/www.hotel-renaissance.fr\/es\/wp-json\/wp\/v2\/pages\/5043\/revisions"}],"wp:featuredmedia":[{"embeddable":true,"href":"https:\/\/www.hotel-renaissance.fr\/es\/wp-json\/wp\/v2\/media\/5047"}],"wp:attachment":[{"href":"https:\/\/www.hotel-renaissance.fr\/es\/wp-json\/wp\/v2\/media?parent=5043"}],"curies":[{"name":"wp","href":"https:\/\/api.w.org\/{rel}","templated":true}]}}