{"id":5043,"date":"2024-08-05T12:17:01","date_gmt":"2024-08-05T10:17:01","guid":{"rendered":"https:\/\/www.hotel-renaissance.fr\/?page_id=5043"},"modified":"2024-08-05T18:50:02","modified_gmt":"2024-08-05T16:50:02","slug":"condition-generales-de-vente","status":"publish","type":"page","link":"https:\/\/www.hotel-renaissance.fr\/it\/condition-generales-de-vente\/","title":{"rendered":"Conditions g\u00e9n\u00e9rales de vente"},"content":{"rendered":"<div data-elementor-type=\"wp-page\" data-elementor-id=\"5043\" class=\"elementor elementor-5043\" data-elementor-post-type=\"page\">\n\t\t\t\t<div class=\"elementor-element elementor-element-a087c3e e-con-full e-flex e-con e-parent\" data-id=\"a087c3e\" data-element_type=\"container\" data-e-type=\"container\" data-settings=\"{&quot;background_background&quot;:&quot;classic&quot;}\">\n\t\t\t\t<div class=\"elementor-element elementor-element-6c51557 elementor-view-default elementor-position-top elementor-widget elementor-widget-themo-header\" data-id=\"6c51557\" data-element_type=\"widget\" data-e-type=\"widget\" data-widget_type=\"themo-header.default\">\n\t\t\t\t<div class=\"elementor-widget-container\">\n\t\t\t\t\t\t\t<div class=\"th-header-wrap\">\n        <div class=\"elementor-icon-box-wrapper\">\n                            <div class=\"elementor-icon-box-content\">\n                    <h1 class=\"elementor-icon-box-title\">\n                        Conditions g\u00e9n\u00e9rales de vente                    <\/h1>\n                                            <span class=\"th-header-divider\"><\/span>\n                                        <p class=\"elementor-icon-box-description\">Nos conditions g\u00e9n\u00e9rales de vente \u00e9tablissent les termes et les modalit\u00e9s qui r\u00e9gissent la relation entre notre entreprise et nos clients. Elles d\u00e9finissent les droits et les obligations de chacune des parties, garantissant ainsi une transaction transparente et \u00e9quitable. Nous vous invitons \u00e0 les consulter attentivement afin de bien comprendre vos droits et vos responsabilit\u00e9s. N'h\u00e9sitez pas \u00e0 nous contacter si vous avez la moindre question ou pr\u00e9occupation.<\/p>\n\n                                    <\/div>\n            <\/div>\n\n        <\/div>\n\n\t\t\t\t\t\t<\/div>\n\t\t\t\t<\/div>\n\t\t\t\t<\/div>\n\t\t<div class=\"elementor-element elementor-element-4e3d6d7 e-flex e-con-boxed e-con e-parent\" data-id=\"4e3d6d7\" data-element_type=\"container\" data-e-type=\"container\">\n\t\t\t\t\t<div class=\"e-con-inner\">\n\t\t\t\t<div class=\"elementor-element elementor-element-af6e4a5 elementor-widget-mobile__width-initial elementor-widget elementor-widget-heading\" data-id=\"af6e4a5\" data-element_type=\"widget\" data-e-type=\"widget\" data-widget_type=\"heading.default\">\n\t\t\t\t<div class=\"elementor-widget-container\">\n\t\t\t\t\t<h2 class=\"elementor-heading-title elementor-size-default\">Conditions g\u00e9n\u00e9rales de vente<\/h2>\t\t\t\t<\/div>\n\t\t\t\t<\/div>\n\t\t\t\t<div class=\"elementor-element elementor-element-b4ff9b6 elementor-widget-mobile__width-initial elementor-widget elementor-widget-text-editor\" data-id=\"b4ff9b6\" data-element_type=\"widget\" data-e-type=\"widget\" data-widget_type=\"text-editor.default\">\n\t\t\t\t<div class=\"elementor-widget-container\">\n\t\t\t\t\t\t\t\t\t<h4 style=\"text-align: center;\"><b style=\"color: inherit; font-family: inherit; font-size: inherit; font-style: inherit;\">Informations L\u00e9gales<\/b><\/h4><p style=\"text-align: left;\">L\u2019h\u00f4tel Renaissance de Castres\u00a0 exploit\u00e9 par la soci\u00e9t\u00e9 \u00ab\u00a0<em><strong>Manoir de la Renaissance<\/strong><\/em>\u00a0\u00bb est une <strong><em>SAS<\/em><\/strong> immatricul\u00e9e au Registre du Commerce et des Soci\u00e9t\u00e9s sous le num\u00e9ro \u00ab\u00a0<em><strong>Castres B 851 750 760<\/strong><\/em>\u00ab\u00a0.<\/p><p style=\"text-align: left;\">Notre num\u00e9ro de TVA intracommunautaire est <em><strong>FR13851750760<\/strong><\/em>.<\/p><p style=\"text-align: left;\">Le capital social de l\u2019entreprise s\u2019\u00e9l\u00e8ve \u00e0 <em><strong>10 000 \u20ac<\/strong><\/em>.<\/p><h4 style=\"text-align: center;\"><b>Tarifs et Paiements<\/b><\/h4><p style=\"text-align: left;\" data-sourcepos=\"5:1-5:49\">Nous proposons deux types de tarifs :<\/p><ul data-sourcepos=\"7:1-7:53\"><li style=\"text-align: left;\" data-sourcepos=\"7:1-7:53\"><strong>Non annulable et non remboursable :<\/strong> Le paiement int\u00e9gral s\u2019effectue lors de votre r\u00e9servation.<\/li><li style=\"text-align: left;\" data-sourcepos=\"8:1-8:82\"><strong>Flexible :<\/strong> Le paiement s\u2019effectue au moment du check-in. Vous pouvez annuler sans frais jusqu\u2019\u00e0 24 heures avant l\u2019heure pr\u00e9vue de votre arriv\u00e9e. Pass\u00e9 ce d\u00e9lai, la totalit\u00e9 du s\u00e9jour sera factur\u00e9e.<\/li><\/ul><h4 style=\"text-align: center;\"><b>Avis Clients<\/b><\/h4><p style=\"text-align: left;\">Les avis sont class\u00e9s par <em><strong>ordre chronologique<\/strong><\/em> et ne font l\u2019objet <em><strong>d\u2019aucune contrepartie<\/strong><\/em>.<\/p><p style=\"text-align: left;\">Nous publions tous les avis dans un <em><strong>d\u00e9lai maximum de 48h<\/strong> <\/em>sans date limite de conservation.<\/p><p style=\"text-align: left;\">Aucune proc\u00e9dure de contr\u00f4le n\u2019est formalis\u00e9e.<\/p><p style=\"text-align: left;\">Nous nous r\u00e9servons le droit de ne <em><strong>pas publier<\/strong><\/em> les avis contenant des propos <em><strong>injurieux<\/strong><\/em>, <em><strong>diffamatoires<\/strong><\/em> o <em><strong>inappropri\u00e9s<\/strong><\/em>.<\/p><p style=\"text-align: left;\">Vous pouvez <em><strong>modifier votre avis<\/strong> <\/em>\u00e0 tout moment en envoyant une demande par mail \u00e0 <a href=\"mailto:contact@hotel-renaissance.fr\">contact@hotel-renaissance.fr<\/a>.<\/p><h4 style=\"text-align: center;\"><b>M\u00e9diateur de la consommation<\/b><\/h4><p>Apr\u00e8s avoir saisi notre service client et \u00e0 d\u00e9faut de r\u00e9ponse satisfaisante dans un d\u00e9lai d\u2019un mois, le client peut saisir le m\u00e9diateur du Tourisme et du Voyage, dont les coordonn\u00e9es figurent ci-apr\u00e8s\u00a0:<\/p><p><strong>M\u00e9diation Tourisme et Voyage<\/strong><\/p><p><strong>BP 80\u00a0303<\/strong><\/p><p><strong>75\u00a0823 PARIS Cedex 17<\/strong><\/p><p><a href=\"http:\/\/www.mtv.travel\"><strong>www.mtv.travel<\/strong><\/a><\/p><h4 style=\"text-align: center;\"><strong>R\u00e8glement des litiges<\/strong><\/h4><p style=\"text-align: left;\" data-sourcepos=\"1:1-1:509\">En cas de litige non r\u00e9solu avec notre \u00e9tablissement, vous pouvez recourir \u00e0 une <em><strong>proc\u00e9dure de m\u00e9diation<\/strong><\/em> de la consommation. Conform\u00e9ment \u00e0 l\u2019article 14 du R\u00e8glement (UE) n\u00b0524\/2013, <span class=\"citation-0 citation-end-0\">la Commission Europ\u00e9enne met \u00e0 disposition une <em><strong>plateforme de R\u00e8glement en Ligne des Litiges<\/strong><\/em> (RLL), accessible \u00e0 l\u2019adresse<\/span> suivante :<\/p><p data-sourcepos=\"1:1-1:509\"><a href=\"https:\/\/ec.europa.eu\/consumers\/odr\/main\/index.cfm?event=main.home2.show&lng=FR\" target=\"_blank\" rel=\"noopener\"><span class=\"citation-1\">https:\/\/ec.europa.eu\/consumers\/odr\/main\/index.cfm?event=main.home2.show&lng=FR<\/span><\/a><span class=\"button-container ng-star-inserted\">\u00a0 \u00a0<\/span><\/p><p style=\"text-align: left;\" data-sourcepos=\"1:1-1:509\">Cette plateforme facilite le r\u00e8glement ind\u00e9pendant et extrajudiciaire des litiges en ligne entre consommateurs et professionnels de l\u2019Union europ\u00e9enne.<\/p><h4 style=\"text-align: center;\"><b>Droit de r\u00e9tractation<\/b><\/h4><p style=\"text-align: left;\">Conform\u00e9ment \u00e0 l\u2019article <em><strong>L.221-28<\/strong><\/em> du Code de la consommation, <em><strong>le droit de r\u00e9tractation ne s\u2019applique pas<\/strong><\/em> aux contrats portant<br \/>sur la fourniture de services d\u2019h\u00e9bergement, de transport, de restauration ou d\u2019activit\u00e9s de loisirs fournis \u00e0 une date ou selon une p\u00e9riodicit\u00e9 d\u00e9termin\u00e9e.<\/p><h4 style=\"text-align: center;\"><b>Parcheggio con parcheggiatore<\/b><\/h4><p style=\"text-align: left;\">Notre service voiturier est \u00e0 votre disposition pendant les <em><strong>heures d\u2019ouverture<\/strong><\/em> de la r\u00e9ception et votre v\u00e9hicule sera stationn\u00e9 dans un garage priv\u00e9. En cas de dommage, vol ou tout autre incident survenant pendant le stationnement de votre v\u00e9hicule, nous disposons d\u2019une assurance aupr\u00e8s de<\/p><div data-e2e-address-street=\"\"><strong><em>GAN Assurance<\/em><\/strong><\/div><div class=\"lf-parts-address__street lf-location__main__info__card__address__street\" data-e2e-address-street=\"\">35 Boulevard Georges Cl\u00e9menceau<\/div><div class=\"lf-parts-address__city lf-location__main__info__card__address__city\" data-e2e-address-city=\"\">81100\u00a0CASTRES<\/div><p style=\"text-align: left;\">Veuillez noter que cette assurance interviendra <em><strong>uniquement<\/strong><\/em> si votre propre assurance automobile ne couvre pas les dommages subis.<\/p><h4>\u00a0<\/h4><h4 style=\"text-align: center;\"><strong>Politique non-fumeur<\/strong><\/h4><p style=\"text-align: left;\">Il est strictement <em><strong>interdit<\/strong><\/em> da <em><strong>fumer<\/strong><\/em> dans les chambres de notre \u00e9tablissement. Tout manquement \u00e0 cette r\u00e8gle entra\u00eenera une <em><strong>facturation suppl\u00e9mentaire<\/strong><\/em> pouvant atteindre <em><strong>400 \u20ac<\/strong><\/em> afin de couvrir les frais de nettoyage et de remise en \u00e9tat de la chambre. Cette somme est ajout\u00e9e \u00e0 votre <em>facture finale.<\/em> Nous vous remercions de votre compr\u00e9hension et de votre coop\u00e9ration pour maintenir un <strong><em>environnement sain et agr\u00e9able<\/em><\/strong> pour tous nos clients.<\/p>\t\t\t\t\t\t\t\t<\/div>\n\t\t\t\t<\/div>\n\t\t\t\t\t<\/div>\n\t\t\t\t<\/div>\n\t\t\t\t<\/div>","protected":false},"excerpt":{"rendered":"<p>Conditions g\u00e9n\u00e9rales de vente Nos conditions g\u00e9n\u00e9rales de vente \u00e9tablissent les termes et les modalit\u00e9s qui r\u00e9gissent la relation entre notre entreprise et nos clients. Elles d\u00e9finissent les droits et les obligations de chacune des parties, garantissant ainsi une transaction &hellip; <a href=\"https:\/\/www.hotel-renaissance.fr\/it\/condition-generales-de-vente\/\">Per saperne di pi\u00f9<\/a><\/p>","protected":false},"author":1,"featured_media":5047,"parent":0,"menu_order":0,"comment_status":"closed","ping_status":"closed","template":"","meta":{"_glsr_average":0,"_glsr_ranking":0,"_glsr_reviews":0,"footnotes":""},"class_list":["post-5043","page","type-page","status-publish","has-post-thumbnail","hentry"],"yoast_head":"<!-- This site is optimized with the Yoast SEO Premium plugin v25.1 (Yoast SEO v27.5) - https:\/\/yoast.com\/product\/yoast-seo-premium-wordpress\/ -->\n<title>Conditions g\u00e9n\u00e9rales de vente<\/title>\n<meta name=\"description\" content=\"Tout savoir sur les conditions g\u00e9n\u00e9rales de vente de l&#039;h\u00f4tel Renaissance de Castres. Tarifs, annulation, et avis clients.\" \/>\n<meta name=\"robots\" content=\"index, follow, max-snippet:-1, max-image-preview:large, max-video-preview:-1\" \/>\n<link rel=\"canonical\" href=\"https:\/\/www.hotel-renaissance.fr\/it\/condition-generales-de-vente\/\" \/>\n<meta property=\"og:locale\" content=\"it_IT\" \/>\n<meta property=\"og:type\" content=\"article\" \/>\n<meta property=\"og:title\" content=\"Conditions g\u00e9n\u00e9rales de vente\" \/>\n<meta property=\"og:description\" content=\"Tout savoir sur les conditions g\u00e9n\u00e9rales de vente de l&#039;h\u00f4tel Renaissance de Castres. Tarifs, annulation, et avis clients.\" \/>\n<meta property=\"og:url\" content=\"https:\/\/www.hotel-renaissance.fr\/it\/condition-generales-de-vente\/\" \/>\n<meta property=\"og:site_name\" content=\"Site officiel de l&#039;h\u00f4tel Renaissance \u00e0 Castres\" \/>\n<meta property=\"article:publisher\" content=\"https:\/\/www.facebook.com\/hotelrenaissancecastres\/\" \/>\n<meta property=\"article:modified_time\" content=\"2024-08-05T16:50:02+00:00\" \/>\n<meta property=\"og:image\" content=\"https:\/\/www.hotel-renaissance.fr\/wp-content\/uploads\/2024\/08\/conditions-generales-de-vente-cgv.jpg\" \/>\n\t<meta property=\"og:image:width\" content=\"1622\" \/>\n\t<meta property=\"og:image:height\" content=\"618\" \/>\n\t<meta property=\"og:image:type\" content=\"image\/jpeg\" \/>\n<meta name=\"twitter:card\" content=\"summary_large_image\" \/>\n<meta name=\"twitter:site\" content=\"@HOTELRENAISSANC\" \/>\n<meta name=\"twitter:label1\" content=\"Tempo di lettura stimato\" \/>\n\t<meta name=\"twitter:data1\" content=\"3 minuti\" \/>\n<script type=\"application\/ld+json\" class=\"yoast-schema-graph\">{\"@context\":\"https:\\\/\\\/schema.org\",\"@graph\":[{\"@type\":\"WebPage\",\"@id\":\"https:\\\/\\\/www.hotel-renaissance.fr\\\/condition-generales-de-vente\\\/\",\"url\":\"https:\\\/\\\/www.hotel-renaissance.fr\\\/condition-generales-de-vente\\\/\",\"name\":\"Conditions g\u00e9n\u00e9rales de vente\",\"isPartOf\":{\"@id\":\"https:\\\/\\\/www.hotel-renaissance.fr\\\/#website\"},\"primaryImageOfPage\":{\"@id\":\"https:\\\/\\\/www.hotel-renaissance.fr\\\/condition-generales-de-vente\\\/#primaryimage\"},\"image\":{\"@id\":\"https:\\\/\\\/www.hotel-renaissance.fr\\\/condition-generales-de-vente\\\/#primaryimage\"},\"thumbnailUrl\":\"https:\\\/\\\/www.hotel-renaissance.fr\\\/wp-content\\\/uploads\\\/2024\\\/08\\\/conditions-generales-de-vente-cgv.jpg\",\"datePublished\":\"2024-08-05T10:17:01+00:00\",\"dateModified\":\"2024-08-05T16:50:02+00:00\",\"description\":\"Tout savoir sur les conditions g\u00e9n\u00e9rales de vente de l'h\u00f4tel Renaissance de Castres. Tarifs, annulation, et avis clients.\",\"breadcrumb\":{\"@id\":\"https:\\\/\\\/www.hotel-renaissance.fr\\\/condition-generales-de-vente\\\/#breadcrumb\"},\"inLanguage\":\"it-IT\",\"potentialAction\":[{\"@type\":\"ReadAction\",\"target\":[\"https:\\\/\\\/www.hotel-renaissance.fr\\\/condition-generales-de-vente\\\/\"]}]},{\"@type\":\"ImageObject\",\"inLanguage\":\"it-IT\",\"@id\":\"https:\\\/\\\/www.hotel-renaissance.fr\\\/condition-generales-de-vente\\\/#primaryimage\",\"url\":\"https:\\\/\\\/www.hotel-renaissance.fr\\\/wp-content\\\/uploads\\\/2024\\\/08\\\/conditions-generales-de-vente-cgv.jpg\",\"contentUrl\":\"https:\\\/\\\/www.hotel-renaissance.fr\\\/wp-content\\\/uploads\\\/2024\\\/08\\\/conditions-generales-de-vente-cgv.jpg\",\"width\":1622,\"height\":618,\"caption\":\"Conditions g\u00e9n\u00e9rales de vente\"},{\"@type\":\"BreadcrumbList\",\"@id\":\"https:\\\/\\\/www.hotel-renaissance.fr\\\/condition-generales-de-vente\\\/#breadcrumb\",\"itemListElement\":[{\"@type\":\"ListItem\",\"position\":1,\"name\":\"Accueil\",\"item\":\"https:\\\/\\\/www.hotel-renaissance.fr\\\/\"},{\"@type\":\"ListItem\",\"position\":2,\"name\":\"Conditions g\u00e9n\u00e9rales de vente\"}]},{\"@type\":\"WebSite\",\"@id\":\"https:\\\/\\\/www.hotel-renaissance.fr\\\/#website\",\"url\":\"https:\\\/\\\/www.hotel-renaissance.fr\\\/\",\"name\":\"H\u00f4tel Renaissance de Castres\",\"description\":\"Le meilleur de l&#039;h\u00f4tellerie\",\"publisher\":{\"@id\":\"https:\\\/\\\/www.hotel-renaissance.fr\\\/#organization\"},\"potentialAction\":[{\"@type\":\"SearchAction\",\"target\":{\"@type\":\"EntryPoint\",\"urlTemplate\":\"https:\\\/\\\/www.hotel-renaissance.fr\\\/?s={search_term_string}\"},\"query-input\":{\"@type\":\"PropertyValueSpecification\",\"valueRequired\":true,\"valueName\":\"search_term_string\"}}],\"inLanguage\":\"it-IT\"},{\"@type\":\"Organization\",\"@id\":\"https:\\\/\\\/www.hotel-renaissance.fr\\\/#organization\",\"name\":\"H\u00f4tel Renaissance Castres\",\"url\":\"https:\\\/\\\/www.hotel-renaissance.fr\\\/\",\"logo\":{\"@type\":\"ImageObject\",\"inLanguage\":\"it-IT\",\"@id\":\"https:\\\/\\\/www.hotel-renaissance.fr\\\/#\\\/schema\\\/logo\\\/image\\\/\",\"url\":\"https:\\\/\\\/www.hotel-renaissance.fr\\\/wp-content\\\/uploads\\\/2020\\\/01\\\/logo_4_etoile_or_transparent-1.jpg\",\"contentUrl\":\"https:\\\/\\\/www.hotel-renaissance.fr\\\/wp-content\\\/uploads\\\/2020\\\/01\\\/logo_4_etoile_or_transparent-1.jpg\",\"width\":1000,\"height\":1000,\"caption\":\"H\u00f4tel Renaissance Castres\"},\"image\":{\"@id\":\"https:\\\/\\\/www.hotel-renaissance.fr\\\/#\\\/schema\\\/logo\\\/image\\\/\"},\"sameAs\":[\"https:\\\/\\\/www.facebook.com\\\/hotelrenaissancecastres\\\/\",\"https:\\\/\\\/x.com\\\/HOTELRENAISSANC\"]}]}<\/script>\n<!-- \/ Yoast SEO Premium plugin. -->","yoast_head_json":{"title":"Conditions g\u00e9n\u00e9rales de vente","description":"Tout savoir sur les conditions g\u00e9n\u00e9rales de vente de l'h\u00f4tel Renaissance de Castres. Tarifs, annulation, et avis clients.","robots":{"index":"index","follow":"follow","max-snippet":"max-snippet:-1","max-image-preview":"max-image-preview:large","max-video-preview":"max-video-preview:-1"},"canonical":"https:\/\/www.hotel-renaissance.fr\/it\/condition-generales-de-vente\/","og_locale":"it_IT","og_type":"article","og_title":"Conditions g\u00e9n\u00e9rales de vente","og_description":"Tout savoir sur les conditions g\u00e9n\u00e9rales de vente de l'h\u00f4tel Renaissance de Castres. Tarifs, annulation, et avis clients.","og_url":"https:\/\/www.hotel-renaissance.fr\/it\/condition-generales-de-vente\/","og_site_name":"Site officiel de l&#039;h\u00f4tel Renaissance \u00e0 Castres","article_publisher":"https:\/\/www.facebook.com\/hotelrenaissancecastres\/","article_modified_time":"2024-08-05T16:50:02+00:00","og_image":[{"width":1622,"height":618,"url":"https:\/\/www.hotel-renaissance.fr\/wp-content\/uploads\/2024\/08\/conditions-generales-de-vente-cgv.jpg","type":"image\/jpeg"}],"twitter_card":"summary_large_image","twitter_site":"@HOTELRENAISSANC","twitter_misc":{"Tempo di lettura stimato":"3 minuti"},"schema":{"@context":"https:\/\/schema.org","@graph":[{"@type":"WebPage","@id":"https:\/\/www.hotel-renaissance.fr\/condition-generales-de-vente\/","url":"https:\/\/www.hotel-renaissance.fr\/condition-generales-de-vente\/","name":"Conditions g\u00e9n\u00e9rales de vente","isPartOf":{"@id":"https:\/\/www.hotel-renaissance.fr\/#website"},"primaryImageOfPage":{"@id":"https:\/\/www.hotel-renaissance.fr\/condition-generales-de-vente\/#primaryimage"},"image":{"@id":"https:\/\/www.hotel-renaissance.fr\/condition-generales-de-vente\/#primaryimage"},"thumbnailUrl":"https:\/\/www.hotel-renaissance.fr\/wp-content\/uploads\/2024\/08\/conditions-generales-de-vente-cgv.jpg","datePublished":"2024-08-05T10:17:01+00:00","dateModified":"2024-08-05T16:50:02+00:00","description":"Tout savoir sur les conditions g\u00e9n\u00e9rales de vente de l'h\u00f4tel Renaissance de Castres. Tarifs, annulation, et avis clients.","breadcrumb":{"@id":"https:\/\/www.hotel-renaissance.fr\/condition-generales-de-vente\/#breadcrumb"},"inLanguage":"it-IT","potentialAction":[{"@type":"ReadAction","target":["https:\/\/www.hotel-renaissance.fr\/condition-generales-de-vente\/"]}]},{"@type":"ImageObject","inLanguage":"it-IT","@id":"https:\/\/www.hotel-renaissance.fr\/condition-generales-de-vente\/#primaryimage","url":"https:\/\/www.hotel-renaissance.fr\/wp-content\/uploads\/2024\/08\/conditions-generales-de-vente-cgv.jpg","contentUrl":"https:\/\/www.hotel-renaissance.fr\/wp-content\/uploads\/2024\/08\/conditions-generales-de-vente-cgv.jpg","width":1622,"height":618,"caption":"Conditions g\u00e9n\u00e9rales de vente"},{"@type":"BreadcrumbList","@id":"https:\/\/www.hotel-renaissance.fr\/condition-generales-de-vente\/#breadcrumb","itemListElement":[{"@type":"ListItem","position":1,"name":"Accueil","item":"https:\/\/www.hotel-renaissance.fr\/"},{"@type":"ListItem","position":2,"name":"Conditions g\u00e9n\u00e9rales de vente"}]},{"@type":"WebSite","@id":"https:\/\/www.hotel-renaissance.fr\/#website","url":"https:\/\/www.hotel-renaissance.fr\/","name":"H\u00f4tel Renaissance de Castres","description":"Il meglio del settore alberghiero","publisher":{"@id":"https:\/\/www.hotel-renaissance.fr\/#organization"},"potentialAction":[{"@type":"SearchAction","target":{"@type":"EntryPoint","urlTemplate":"https:\/\/www.hotel-renaissance.fr\/?s={search_term_string}"},"query-input":{"@type":"PropertyValueSpecification","valueRequired":true,"valueName":"search_term_string"}}],"inLanguage":"it-IT"},{"@type":"Organization","@id":"https:\/\/www.hotel-renaissance.fr\/#organization","name":"Albergo Renaissance Castres","url":"https:\/\/www.hotel-renaissance.fr\/","logo":{"@type":"ImageObject","inLanguage":"it-IT","@id":"https:\/\/www.hotel-renaissance.fr\/#\/schema\/logo\/image\/","url":"https:\/\/www.hotel-renaissance.fr\/wp-content\/uploads\/2020\/01\/logo_4_etoile_or_transparent-1.jpg","contentUrl":"https:\/\/www.hotel-renaissance.fr\/wp-content\/uploads\/2020\/01\/logo_4_etoile_or_transparent-1.jpg","width":1000,"height":1000,"caption":"H\u00f4tel Renaissance Castres"},"image":{"@id":"https:\/\/www.hotel-renaissance.fr\/#\/schema\/logo\/image\/"},"sameAs":["https:\/\/www.facebook.com\/hotelrenaissancecastres\/","https:\/\/x.com\/HOTELRENAISSANC"]}]}},"amp_enabled":true,"_links":{"self":[{"href":"https:\/\/www.hotel-renaissance.fr\/it\/wp-json\/wp\/v2\/pages\/5043","targetHints":{"allow":["GET"]}}],"collection":[{"href":"https:\/\/www.hotel-renaissance.fr\/it\/wp-json\/wp\/v2\/pages"}],"about":[{"href":"https:\/\/www.hotel-renaissance.fr\/it\/wp-json\/wp\/v2\/types\/page"}],"author":[{"embeddable":true,"href":"https:\/\/www.hotel-renaissance.fr\/it\/wp-json\/wp\/v2\/users\/1"}],"replies":[{"embeddable":true,"href":"https:\/\/www.hotel-renaissance.fr\/it\/wp-json\/wp\/v2\/comments?post=5043"}],"version-history":[{"count":0,"href":"https:\/\/www.hotel-renaissance.fr\/it\/wp-json\/wp\/v2\/pages\/5043\/revisions"}],"wp:featuredmedia":[{"embeddable":true,"href":"https:\/\/www.hotel-renaissance.fr\/it\/wp-json\/wp\/v2\/media\/5047"}],"wp:attachment":[{"href":"https:\/\/www.hotel-renaissance.fr\/it\/wp-json\/wp\/v2\/media?parent=5043"}],"curies":[{"name":"wp","href":"https:\/\/api.w.org\/{rel}","templated":true}]}}