{"id":5043,"date":"2024-08-05T12:17:01","date_gmt":"2024-08-05T10:17:01","guid":{"rendered":"https:\/\/www.hotel-renaissance.fr\/?page_id=5043"},"modified":"2024-08-05T18:50:02","modified_gmt":"2024-08-05T16:50:02","slug":"condition-generales-de-vente","status":"publish","type":"page","link":"https:\/\/www.hotel-renaissance.fr\/pt\/condition-generales-de-vente\/","title":{"rendered":"Termos e condi\u00e7\u00f5es de venda"},"content":{"rendered":"<div data-elementor-type=\"wp-page\" data-elementor-id=\"5043\" class=\"elementor elementor-5043\" data-elementor-post-type=\"page\">\n\t\t\t\t<div class=\"elementor-element elementor-element-a087c3e e-con-full e-flex e-con e-parent\" data-id=\"a087c3e\" data-element_type=\"container\" data-e-type=\"container\" data-settings=\"{&quot;background_background&quot;:&quot;classic&quot;}\">\n\t\t\t\t<div class=\"elementor-element elementor-element-6c51557 elementor-view-default elementor-position-top elementor-widget elementor-widget-themo-header\" data-id=\"6c51557\" data-element_type=\"widget\" data-e-type=\"widget\" data-widget_type=\"themo-header.default\">\n\t\t\t\t<div class=\"elementor-widget-container\">\n\t\t\t\t\t\t\t<div class=\"th-header-wrap\">\n        <div class=\"elementor-icon-box-wrapper\">\n                            <div class=\"elementor-icon-box-content\">\n                    <h1 class=\"elementor-icon-box-title\">\n                        Termos e condi\u00e7\u00f5es de venda                    <\/h1>\n                                            <span class=\"th-header-divider\"><\/span>\n                                        <p class=\"elementor-icon-box-description\">As nossas condi\u00e7\u00f5es gerais de venda definem os termos e condi\u00e7\u00f5es que regem a rela\u00e7\u00e3o entre a nossa empresa e os nossos clientes. Definem os direitos e obriga\u00e7\u00f5es de cada parte, assegurando uma transa\u00e7\u00e3o transparente e justa. Leia-as atentamente para compreender os seus direitos e responsabilidades. N\u00e3o hesite em contactar-nos se tiver alguma d\u00favida ou preocupa\u00e7\u00e3o.<\/p>\n\n                                    <\/div>\n            <\/div>\n\n        <\/div>\n\n\t\t\t\t\t\t<\/div>\n\t\t\t\t<\/div>\n\t\t\t\t<\/div>\n\t\t<div class=\"elementor-element elementor-element-4e3d6d7 e-flex e-con-boxed e-con e-parent\" data-id=\"4e3d6d7\" data-element_type=\"container\" data-e-type=\"container\">\n\t\t\t\t\t<div class=\"e-con-inner\">\n\t\t\t\t<div class=\"elementor-element elementor-element-af6e4a5 elementor-widget-mobile__width-initial elementor-widget elementor-widget-heading\" data-id=\"af6e4a5\" data-element_type=\"widget\" data-e-type=\"widget\" data-widget_type=\"heading.default\">\n\t\t\t\t<div class=\"elementor-widget-container\">\n\t\t\t\t\t<h2 class=\"elementor-heading-title elementor-size-default\">Termos e condi\u00e7\u00f5es de venda<\/h2>\t\t\t\t<\/div>\n\t\t\t\t<\/div>\n\t\t\t\t<div class=\"elementor-element elementor-element-b4ff9b6 elementor-widget-mobile__width-initial elementor-widget elementor-widget-text-editor\" data-id=\"b4ff9b6\" data-element_type=\"widget\" data-e-type=\"widget\" data-widget_type=\"text-editor.default\">\n\t\t\t\t<div class=\"elementor-widget-container\">\n\t\t\t\t\t\t\t\t\t<h4 style=\"text-align: center;\"><b style=\"color: inherit; font-family: inherit; font-size: inherit; font-style: inherit;\">Informa\u00e7\u00f5es legais<\/b><\/h4><p style=\"text-align: left;\">O hotel Renaissance de Castres, gerido pela empresa \"\u00a0<em><strong>Casa senhorial renascentista<\/strong><\/em>\u00a0\"\u00e9 um <strong><em>SAS<\/em><\/strong> registada no Registre du Commerce et des Soci\u00e9t\u00e9s com o n\u00famero \"\u00a0<em><strong>Castres B 851 750 760<\/strong><\/em>\" .<\/p><p style=\"text-align: left;\">O nosso n\u00famero de IVA \u00e9 <em><strong>FR13851750760<\/strong><\/em>.<\/p><p style=\"text-align: left;\">O capital social da empresa ascende a <em><strong>10 000 \u20ac<\/strong><\/em>.<\/p><h4 style=\"text-align: center;\"><b>Pre\u00e7os e pagamentos<\/b><\/h4><p style=\"text-align: left;\" data-sourcepos=\"5:1-5:49\">Oferecemos dois tipos de tarifas:<\/p><ul data-sourcepos=\"7:1-7:53\"><li style=\"text-align: left;\" data-sourcepos=\"7:1-7:53\"><strong>N\u00e3o cancel\u00e1vel e n\u00e3o reembols\u00e1vel :<\/strong> O pagamento total deve ser efectuado no momento da reserva.<\/li><li style=\"text-align: left;\" data-sourcepos=\"8:1-8:82\"><strong>Flex\u00edvel :<\/strong> O pagamento \u00e9 efectuado no momento do check-in. Pode cancelar gratuitamente at\u00e9 24 horas antes da hora de chegada prevista. Ap\u00f3s este per\u00edodo, ser\u00e1 cobrada a totalidade da estadia.<\/li><\/ul><h4 style=\"text-align: center;\"><b>Coment\u00e1rios de clientes<\/b><\/h4><p style=\"text-align: left;\">As opini\u00f5es s\u00e3o classificadas por <em><strong>ordem cronol\u00f3gica<\/strong><\/em> e n\u00e3o est\u00e3o sujeitos a <em><strong>nenhuma considera\u00e7\u00e3o<\/strong><\/em>.<\/p><p style=\"text-align: left;\">Publicamos todos os an\u00fancios num <em><strong>m\u00e1ximo de 48 horas<\/strong> <\/em>sem prazo de validade.<\/p><p style=\"text-align: left;\">N\u00e3o existe um procedimento de controlo formal.<\/p><p style=\"text-align: left;\">Reservamo-nos o direito de n\u00e3o <em><strong>n\u00e3o publicar<\/strong><\/em> an\u00fancios com declara\u00e7\u00f5es <em><strong>ofensivo<\/strong><\/em>, <em><strong>difamat\u00f3rio<\/strong><\/em> ou <em><strong>inadequado<\/strong><\/em>.<\/p><p style=\"text-align: left;\">Pode <em><strong>mudar de ideias<\/strong> <\/em>a qualquer momento, enviando um pedido por correio eletr\u00f3nico para <a href=\"mailto:contact@hotel-renaissance.fr\">contact@hotel-renaissance.fr<\/a>.<\/p><h4 style=\"text-align: center;\"><b>Provedor do consumidor<\/b><\/h4><p>Se n\u00e3o receber uma resposta satisfat\u00f3ria no prazo de um m\u00eas ap\u00f3s ter contactado o nosso servi\u00e7o de apoio ao cliente, pode recorrer ao Provedor de Justi\u00e7a do Turismo e Viagens, cujos dados de contacto s\u00e3o indicados abaixo:<\/p><p><strong>Turismo e media\u00e7\u00e3o de viagens<\/strong><\/p><p><strong>BP 80 303<\/strong><\/p><p><strong>75 823 PARIS Cedex 17<\/strong><\/p><p><a href=\"http:\/\/www.mtv.travel\"><strong>www.mtv.travel<\/strong><\/a><\/p><h4 style=\"text-align: center;\"><strong>Resolu\u00e7\u00e3o de lit\u00edgios<\/strong><\/h4><p style=\"text-align: left;\" data-sourcepos=\"1:1-1:509\">Em caso de lit\u00edgio n\u00e3o resolvido com o nosso estabelecimento, o utilizador pode recorrer a um <em><strong>procedimento de media\u00e7\u00e3o<\/strong><\/em> de consumo. Em conformidade com o artigo 14.\u00ba do Regulamento (UE) n.\u00ba 524\/2013, <span class=\"citation-0 citation-end-0\">a Comiss\u00e3o Europeia est\u00e1 a disponibilizar um <em><strong>Plataforma de resolu\u00e7\u00e3o de lit\u00edgios em linha<\/strong><\/em> (RLL), dispon\u00edvel no seguinte endere\u00e7o<\/span> seguintes :<\/p><p data-sourcepos=\"1:1-1:509\"><a href=\"https:\/\/ec.europa.eu\/consumers\/odr\/main\/index.cfm?event=main.home2.show&amp;lng=FR\" target=\"_blank\" rel=\"noopener\"><span class=\"citation-1\">https:\/\/ec.europa.eu\/consumers\/odr\/main\/index.cfm?event=main.home2.show&amp;lng=FR<\/span><\/a><span class=\"button-container ng-star-inserted\">\u00a0 \u00a0<\/span><\/p><p style=\"text-align: left;\" data-sourcepos=\"1:1-1:509\">Esta plataforma facilita a resolu\u00e7\u00e3o independente e extrajudicial de lit\u00edgios em linha entre consumidores e profissionais na Uni\u00e3o Europeia.<\/p><h4 style=\"text-align: center;\"><b>Direito de retrata\u00e7\u00e3o<\/b><\/h4><p style=\"text-align: left;\">Em conformidade com o artigo <em><strong>L.221-28<\/strong><\/em> do C\u00f3digo do Consumidor, <em><strong>o direito de rescis\u00e3o n\u00e3o \u00e9 aplic\u00e1vel<\/strong><\/em> contratos relativos a<br \/>sobre o fornecimento de servi\u00e7os de alojamento, transporte, restaura\u00e7\u00e3o ou lazer prestados numa data ou hora espec\u00edficas.<\/p><h4 style=\"text-align: center;\"><b>Estacionamento com manobrista<\/b><\/h4><p style=\"text-align: left;\">O nosso servi\u00e7o de valet est\u00e1 \u00e0 sua disposi\u00e7\u00e3o durante <em><strong>hor\u00e1rio de funcionamento<\/strong><\/em> da rece\u00e7\u00e3o e o seu ve\u00edculo ser\u00e1 estacionado numa garagem privada. Em caso de danos, roubo ou qualquer outro incidente que ocorra enquanto o seu ve\u00edculo estiver estacionado, temos uma cobertura de seguro com<\/p><div data-e2e-address-street=\"\"><strong><em>Garantia GAN<\/em><\/strong><\/div><div class=\"lf-parts-address__street lf-location__main__info__card__address__street\" data-e2e-address-street=\"\">35 Boulevard Georges Cl\u00e9menceau<\/div><div class=\"lf-parts-address__city lf-location__main__info__card__address__city\" data-e2e-address-city=\"\">81100 CASTRES<\/div><p style=\"text-align: left;\">Este seguro cobre <em><strong>apenas<\/strong><\/em> se o seu pr\u00f3prio seguro autom\u00f3vel n\u00e3o cobrir os danos.<\/p><h4>\u00a0<\/h4><h4 style=\"text-align: center;\"><strong>Pol\u00edtica de n\u00e3o fumadores<\/strong><\/h4><p style=\"text-align: left;\">\u00c9 estritamente <em><strong>proibido<\/strong><\/em> de <em><strong>tabagismo<\/strong><\/em> nos quartos do nosso estabelecimento. Qualquer infra\u00e7\u00e3o a esta regra implica a aplica\u00e7\u00e3o de <em><strong>fatura\u00e7\u00e3o adicional<\/strong><\/em> at\u00e9 <em><strong>400 \u20ac<\/strong><\/em> para cobrir as despesas de limpeza e restauro do quarto. Este montante \u00e9 acrescentado ao seu <em>fatura final.<\/em> Gostar\u00edamos de agradecer a vossa compreens\u00e3o e coopera\u00e7\u00e3o na manuten\u00e7\u00e3o de um elevado n\u00edvel de servi\u00e7o. <strong><em>um ambiente saud\u00e1vel e agrad\u00e1vel<\/em><\/strong> para todos os nossos clientes.<\/p>\t\t\t\t\t\t\t\t<\/div>\n\t\t\t\t<\/div>\n\t\t\t\t\t<\/div>\n\t\t\t\t<\/div>\n\t\t\t\t<\/div>","protected":false},"excerpt":{"rendered":"<p>Condi\u00e7\u00f5es gerais de venda As nossas condi\u00e7\u00f5es gerais de venda definem os termos e condi\u00e7\u00f5es que regem a rela\u00e7\u00e3o entre a nossa empresa e os nossos clientes. Definem os direitos e obriga\u00e7\u00f5es de cada uma das partes, garantindo assim o bom desenrolar da transa\u00e7\u00e3o ... <a href=\"https:\/\/www.hotel-renaissance.fr\/pt\/condition-generales-de-vente\/\">Ler mais<\/a><\/p>","protected":false},"author":1,"featured_media":5047,"parent":0,"menu_order":0,"comment_status":"closed","ping_status":"closed","template":"","meta":{"_glsr_average":0,"_glsr_ranking":0,"_glsr_reviews":0,"footnotes":""},"class_list":["post-5043","page","type-page","status-publish","has-post-thumbnail","hentry"],"yoast_head":"<!-- This site is optimized with the Yoast SEO Premium plugin v25.1 (Yoast SEO v27.4) - https:\/\/yoast.com\/product\/yoast-seo-premium-wordpress\/ -->\n<title>Conditions g\u00e9n\u00e9rales de vente<\/title>\n<meta name=\"description\" content=\"Tout savoir sur les conditions g\u00e9n\u00e9rales de vente de l&#039;h\u00f4tel Renaissance de Castres. Tarifs, annulation, et avis clients.\" \/>\n<meta name=\"robots\" content=\"index, follow, max-snippet:-1, max-image-preview:large, max-video-preview:-1\" \/>\n<link rel=\"canonical\" href=\"https:\/\/www.hotel-renaissance.fr\/pt\/condition-generales-de-vente\/\" \/>\n<meta property=\"og:locale\" content=\"pt_PT\" \/>\n<meta property=\"og:type\" content=\"article\" \/>\n<meta property=\"og:title\" content=\"Conditions g\u00e9n\u00e9rales de vente\" \/>\n<meta property=\"og:description\" content=\"Tout savoir sur les conditions g\u00e9n\u00e9rales de vente de l&#039;h\u00f4tel Renaissance de Castres. Tarifs, annulation, et avis clients.\" \/>\n<meta property=\"og:url\" content=\"https:\/\/www.hotel-renaissance.fr\/pt\/condition-generales-de-vente\/\" \/>\n<meta property=\"og:site_name\" content=\"Site officiel de l&#039;h\u00f4tel Renaissance \u00e0 Castres\" \/>\n<meta property=\"article:publisher\" content=\"https:\/\/www.facebook.com\/hotelrenaissancecastres\/\" \/>\n<meta property=\"article:modified_time\" content=\"2024-08-05T16:50:02+00:00\" \/>\n<meta property=\"og:image\" content=\"https:\/\/www.hotel-renaissance.fr\/wp-content\/uploads\/2024\/08\/conditions-generales-de-vente-cgv.jpg\" \/>\n\t<meta property=\"og:image:width\" content=\"1622\" \/>\n\t<meta property=\"og:image:height\" content=\"618\" \/>\n\t<meta property=\"og:image:type\" content=\"image\/jpeg\" \/>\n<meta name=\"twitter:card\" content=\"summary_large_image\" \/>\n<meta name=\"twitter:site\" content=\"@HOTELRENAISSANC\" \/>\n<meta name=\"twitter:label1\" content=\"Tempo estimado de leitura\" \/>\n\t<meta name=\"twitter:data1\" content=\"3 minutos\" \/>\n<script type=\"application\/ld+json\" class=\"yoast-schema-graph\">{\"@context\":\"https:\\\/\\\/schema.org\",\"@graph\":[{\"@type\":\"WebPage\",\"@id\":\"https:\\\/\\\/www.hotel-renaissance.fr\\\/condition-generales-de-vente\\\/\",\"url\":\"https:\\\/\\\/www.hotel-renaissance.fr\\\/condition-generales-de-vente\\\/\",\"name\":\"Conditions g\u00e9n\u00e9rales de vente\",\"isPartOf\":{\"@id\":\"https:\\\/\\\/www.hotel-renaissance.fr\\\/#website\"},\"primaryImageOfPage\":{\"@id\":\"https:\\\/\\\/www.hotel-renaissance.fr\\\/condition-generales-de-vente\\\/#primaryimage\"},\"image\":{\"@id\":\"https:\\\/\\\/www.hotel-renaissance.fr\\\/condition-generales-de-vente\\\/#primaryimage\"},\"thumbnailUrl\":\"https:\\\/\\\/www.hotel-renaissance.fr\\\/wp-content\\\/uploads\\\/2024\\\/08\\\/conditions-generales-de-vente-cgv.jpg\",\"datePublished\":\"2024-08-05T10:17:01+00:00\",\"dateModified\":\"2024-08-05T16:50:02+00:00\",\"description\":\"Tout savoir sur les conditions g\u00e9n\u00e9rales de vente de l'h\u00f4tel Renaissance de Castres. Tarifs, annulation, et avis clients.\",\"breadcrumb\":{\"@id\":\"https:\\\/\\\/www.hotel-renaissance.fr\\\/condition-generales-de-vente\\\/#breadcrumb\"},\"inLanguage\":\"pt-PT\",\"potentialAction\":[{\"@type\":\"ReadAction\",\"target\":[\"https:\\\/\\\/www.hotel-renaissance.fr\\\/condition-generales-de-vente\\\/\"]}]},{\"@type\":\"ImageObject\",\"inLanguage\":\"pt-PT\",\"@id\":\"https:\\\/\\\/www.hotel-renaissance.fr\\\/condition-generales-de-vente\\\/#primaryimage\",\"url\":\"https:\\\/\\\/www.hotel-renaissance.fr\\\/wp-content\\\/uploads\\\/2024\\\/08\\\/conditions-generales-de-vente-cgv.jpg\",\"contentUrl\":\"https:\\\/\\\/www.hotel-renaissance.fr\\\/wp-content\\\/uploads\\\/2024\\\/08\\\/conditions-generales-de-vente-cgv.jpg\",\"width\":1622,\"height\":618,\"caption\":\"Conditions g\u00e9n\u00e9rales de vente\"},{\"@type\":\"BreadcrumbList\",\"@id\":\"https:\\\/\\\/www.hotel-renaissance.fr\\\/condition-generales-de-vente\\\/#breadcrumb\",\"itemListElement\":[{\"@type\":\"ListItem\",\"position\":1,\"name\":\"Accueil\",\"item\":\"https:\\\/\\\/www.hotel-renaissance.fr\\\/\"},{\"@type\":\"ListItem\",\"position\":2,\"name\":\"Conditions g\u00e9n\u00e9rales de vente\"}]},{\"@type\":\"WebSite\",\"@id\":\"https:\\\/\\\/www.hotel-renaissance.fr\\\/#website\",\"url\":\"https:\\\/\\\/www.hotel-renaissance.fr\\\/\",\"name\":\"H\u00f4tel Renaissance de Castres\",\"description\":\"Le meilleur de l&#039;h\u00f4tellerie\",\"publisher\":{\"@id\":\"https:\\\/\\\/www.hotel-renaissance.fr\\\/#organization\"},\"potentialAction\":[{\"@type\":\"SearchAction\",\"target\":{\"@type\":\"EntryPoint\",\"urlTemplate\":\"https:\\\/\\\/www.hotel-renaissance.fr\\\/?s={search_term_string}\"},\"query-input\":{\"@type\":\"PropertyValueSpecification\",\"valueRequired\":true,\"valueName\":\"search_term_string\"}}],\"inLanguage\":\"pt-PT\"},{\"@type\":\"Organization\",\"@id\":\"https:\\\/\\\/www.hotel-renaissance.fr\\\/#organization\",\"name\":\"H\u00f4tel Renaissance Castres\",\"url\":\"https:\\\/\\\/www.hotel-renaissance.fr\\\/\",\"logo\":{\"@type\":\"ImageObject\",\"inLanguage\":\"pt-PT\",\"@id\":\"https:\\\/\\\/www.hotel-renaissance.fr\\\/#\\\/schema\\\/logo\\\/image\\\/\",\"url\":\"https:\\\/\\\/www.hotel-renaissance.fr\\\/wp-content\\\/uploads\\\/2020\\\/01\\\/logo_4_etoile_or_transparent-1.jpg\",\"contentUrl\":\"https:\\\/\\\/www.hotel-renaissance.fr\\\/wp-content\\\/uploads\\\/2020\\\/01\\\/logo_4_etoile_or_transparent-1.jpg\",\"width\":1000,\"height\":1000,\"caption\":\"H\u00f4tel Renaissance Castres\"},\"image\":{\"@id\":\"https:\\\/\\\/www.hotel-renaissance.fr\\\/#\\\/schema\\\/logo\\\/image\\\/\"},\"sameAs\":[\"https:\\\/\\\/www.facebook.com\\\/hotelrenaissancecastres\\\/\",\"https:\\\/\\\/x.com\\\/HOTELRENAISSANC\"]}]}<\/script>\n<!-- \/ Yoast SEO Premium plugin. -->","yoast_head_json":{"title":"Termos e condi\u00e7\u00f5es de venda","description":"Tout savoir sur les conditions g\u00e9n\u00e9rales de vente de l'h\u00f4tel Renaissance de Castres. Tarifs, annulation, et avis clients.","robots":{"index":"index","follow":"follow","max-snippet":"max-snippet:-1","max-image-preview":"max-image-preview:large","max-video-preview":"max-video-preview:-1"},"canonical":"https:\/\/www.hotel-renaissance.fr\/pt\/condition-generales-de-vente\/","og_locale":"pt_PT","og_type":"article","og_title":"Conditions g\u00e9n\u00e9rales de vente","og_description":"Tout savoir sur les conditions g\u00e9n\u00e9rales de vente de l'h\u00f4tel Renaissance de Castres. Tarifs, annulation, et avis clients.","og_url":"https:\/\/www.hotel-renaissance.fr\/pt\/condition-generales-de-vente\/","og_site_name":"Site officiel de l&#039;h\u00f4tel Renaissance \u00e0 Castres","article_publisher":"https:\/\/www.facebook.com\/hotelrenaissancecastres\/","article_modified_time":"2024-08-05T16:50:02+00:00","og_image":[{"width":1622,"height":618,"url":"https:\/\/www.hotel-renaissance.fr\/wp-content\/uploads\/2024\/08\/conditions-generales-de-vente-cgv.jpg","type":"image\/jpeg"}],"twitter_card":"summary_large_image","twitter_site":"@HOTELRENAISSANC","twitter_misc":{"Tempo estimado de leitura":"3 minutos"},"schema":{"@context":"https:\/\/schema.org","@graph":[{"@type":"WebPage","@id":"https:\/\/www.hotel-renaissance.fr\/condition-generales-de-vente\/","url":"https:\/\/www.hotel-renaissance.fr\/condition-generales-de-vente\/","name":"Termos e condi\u00e7\u00f5es de venda","isPartOf":{"@id":"https:\/\/www.hotel-renaissance.fr\/#website"},"primaryImageOfPage":{"@id":"https:\/\/www.hotel-renaissance.fr\/condition-generales-de-vente\/#primaryimage"},"image":{"@id":"https:\/\/www.hotel-renaissance.fr\/condition-generales-de-vente\/#primaryimage"},"thumbnailUrl":"https:\/\/www.hotel-renaissance.fr\/wp-content\/uploads\/2024\/08\/conditions-generales-de-vente-cgv.jpg","datePublished":"2024-08-05T10:17:01+00:00","dateModified":"2024-08-05T16:50:02+00:00","description":"Tout savoir sur les conditions g\u00e9n\u00e9rales de vente de l'h\u00f4tel Renaissance de Castres. Tarifs, annulation, et avis clients.","breadcrumb":{"@id":"https:\/\/www.hotel-renaissance.fr\/condition-generales-de-vente\/#breadcrumb"},"inLanguage":"pt-PT","potentialAction":[{"@type":"ReadAction","target":["https:\/\/www.hotel-renaissance.fr\/condition-generales-de-vente\/"]}]},{"@type":"ImageObject","inLanguage":"pt-PT","@id":"https:\/\/www.hotel-renaissance.fr\/condition-generales-de-vente\/#primaryimage","url":"https:\/\/www.hotel-renaissance.fr\/wp-content\/uploads\/2024\/08\/conditions-generales-de-vente-cgv.jpg","contentUrl":"https:\/\/www.hotel-renaissance.fr\/wp-content\/uploads\/2024\/08\/conditions-generales-de-vente-cgv.jpg","width":1622,"height":618,"caption":"Conditions g\u00e9n\u00e9rales de vente"},{"@type":"BreadcrumbList","@id":"https:\/\/www.hotel-renaissance.fr\/condition-generales-de-vente\/#breadcrumb","itemListElement":[{"@type":"ListItem","position":1,"name":"Accueil","item":"https:\/\/www.hotel-renaissance.fr\/"},{"@type":"ListItem","position":2,"name":"Conditions g\u00e9n\u00e9rales de vente"}]},{"@type":"WebSite","@id":"https:\/\/www.hotel-renaissance.fr\/#website","url":"https:\/\/www.hotel-renaissance.fr\/","name":"H\u00f4tel Renaissance de Castres","description":"Le meilleur de l&#039;h\u00f4tellerie","publisher":{"@id":"https:\/\/www.hotel-renaissance.fr\/#organization"},"potentialAction":[{"@type":"SearchAction","target":{"@type":"EntryPoint","urlTemplate":"https:\/\/www.hotel-renaissance.fr\/?s={search_term_string}"},"query-input":{"@type":"PropertyValueSpecification","valueRequired":true,"valueName":"search_term_string"}}],"inLanguage":"pt-PT"},{"@type":"Organization","@id":"https:\/\/www.hotel-renaissance.fr\/#organization","name":"H\u00f4tel Renaissance Castres","url":"https:\/\/www.hotel-renaissance.fr\/","logo":{"@type":"ImageObject","inLanguage":"pt-PT","@id":"https:\/\/www.hotel-renaissance.fr\/#\/schema\/logo\/image\/","url":"https:\/\/www.hotel-renaissance.fr\/wp-content\/uploads\/2020\/01\/logo_4_etoile_or_transparent-1.jpg","contentUrl":"https:\/\/www.hotel-renaissance.fr\/wp-content\/uploads\/2020\/01\/logo_4_etoile_or_transparent-1.jpg","width":1000,"height":1000,"caption":"H\u00f4tel Renaissance Castres"},"image":{"@id":"https:\/\/www.hotel-renaissance.fr\/#\/schema\/logo\/image\/"},"sameAs":["https:\/\/www.facebook.com\/hotelrenaissancecastres\/","https:\/\/x.com\/HOTELRENAISSANC"]}]}},"amp_enabled":true,"_links":{"self":[{"href":"https:\/\/www.hotel-renaissance.fr\/pt\/wp-json\/wp\/v2\/pages\/5043","targetHints":{"allow":["GET"]}}],"collection":[{"href":"https:\/\/www.hotel-renaissance.fr\/pt\/wp-json\/wp\/v2\/pages"}],"about":[{"href":"https:\/\/www.hotel-renaissance.fr\/pt\/wp-json\/wp\/v2\/types\/page"}],"author":[{"embeddable":true,"href":"https:\/\/www.hotel-renaissance.fr\/pt\/wp-json\/wp\/v2\/users\/1"}],"replies":[{"embeddable":true,"href":"https:\/\/www.hotel-renaissance.fr\/pt\/wp-json\/wp\/v2\/comments?post=5043"}],"version-history":[{"count":0,"href":"https:\/\/www.hotel-renaissance.fr\/pt\/wp-json\/wp\/v2\/pages\/5043\/revisions"}],"wp:featuredmedia":[{"embeddable":true,"href":"https:\/\/www.hotel-renaissance.fr\/pt\/wp-json\/wp\/v2\/media\/5047"}],"wp:attachment":[{"href":"https:\/\/www.hotel-renaissance.fr\/pt\/wp-json\/wp\/v2\/media?parent=5043"}],"curies":[{"name":"wp","href":"https:\/\/api.w.org\/{rel}","templated":true}]}}